{"id":909,"date":"2016-01-18T08:09:14","date_gmt":"2016-01-18T07:09:14","guid":{"rendered":"http:\/\/www.musikkapellehuben.at\/mkneu\/?page_id=909"},"modified":"2016-01-18T08:09:14","modified_gmt":"2016-01-18T07:09:14","slug":"impressum-2","status":"publish","type":"page","link":"http:\/\/www.musikkapellehuben.at\/mkneu\/impressum-2\/","title":{"rendered":"Impressum"},"content":{"rendered":"<p>Informationspflicht lt. E-Commerce-Gesetz (ECG) \u00a7 5 Abs. 1<\/p>\n<div>Herausgeber \/ Verantwortlich f\u00fcr den Inhalt:<\/div>\n<div>Musikkapelle Huben<br \/>\nObmann Werner Klotz<br \/>\nHuben 206b, 6444 L\u00e4ngenfeld<\/div>\n<div>\u2014\u2014\u2014\u2014\u2014\u2014\u2014\u2014\u2014\u2014\u2014\u2014-<\/div>\n<div>F\u00fcr die Richtigkeit und Vollst\u00e4ndigkeit der dargestellten Informationen und der<br \/>\nvon anderen Diensten \u00fcbernommenen Daten wird keine Haftung \u00fcbernommen.<br \/>\nDen angebotenen Informationen kommt keine Rechtsverbindlichkeit zu.<\/div>\n<div>Trotz sorgf\u00e4ltiger inhaltlicher Kontrolle \u00fcbernehmen wir keine Gew\u00e4hr f\u00fcr die Inhalte<br \/>\nexterner Links. F\u00fcr den Inhalt der verlinkten Seiten sind ausschlie\u00dflich deren Betreiber<br \/>\nverantwortlich.<a style=\"text-decoration: underline; color: #6d7e7e;\" title=\"  &lt;mce:script language='JavaScript' type='text\/javascript'&gt;&lt;!--   var prefix = 'ma' + 'il' + 'to';  var path = 'hr' + 'ef' + '=';  var addy43570 = 'info' + '@';  addy43570 = addy43570 + 'oetztalclimbing' + '.' + 'com';  document.write( '&lt;a ' + path + '\\'' + prefix + ':' + addy43570 + '\\'&gt;' );  document.write( addy43570 );  document.write( '&lt;\\\/a&gt;' );  \/\/--&gt;\\n  \/\/ --&gt;&lt;\/mce:script&gt;&lt;mce:script language='JavaScript' type='text\/javascript'&gt;&lt;!--   document.write( '' ); \/\/ --&gt;&lt;\/mce:script&gt;Diese E-Mail-Adresse ist gegen Spam-Bots gesch\u00fctzt, du musst Javascript aktivieren, damit du sie sehen kannst  &lt;mce:script language='JavaScript' type='text\/javascript'&gt;&lt;!--   document.write( '&lt;\/' );  document.write( 'span&gt;' ); \/\/ --&gt;&lt;\/mce:script&gt;\" href=\"mailto:%20%20%3Cscript%20language='JavaScript'%20type='text\/javascript'%3E%20%3C!--%20var%20prefix%20=%20'ma'%20+%20'il'%20+%20'to';%20var%20path%20=%20'hr'%20+%20'ef'%20+%20'=';%20var%20addy43570%20=%20'info'%20+%20'@';%20addy43570%20=%20addy43570%20+%20'oetztalclimbing'%20+%20'.'%20+%20'com';%20document.write(%20'%3Ca%20'%20+%20path%20+%20'\\''%20+%20prefix%20+%20':'%20+%20addy43570%20+%20'\\'%3E'%20);%20document.write(%20addy43570%20);%20document.write(%20'%3C\\\/a%3E'%20);%20\/\/--%3E\\n%20%3C\/script%3E%3Cscript%20language='JavaScript'%20type='text\/javascript'%3E%20%3C!--%20document.write(%20'%3Cspan%20style=\\'display:%20none;\\'%3E'%20);%20\/\/--%3E%20%3C\/script%3EDiese%20E-Mail-Adresse%20ist%20gegen%20Spam-Bots%20gesch%C3%BCtzt,%20du%20musst%20Javascript%20aktivieren,%20damit%20du%20sie%20sehen%20kannst%20%3Cscript%20language='JavaScript'%20type='text\/javascript'%3E%20%3C!--%20document.write(%20'%3C\/'%20);%20document.write(%20'span%3E'%20);%20\/\/--%3E%20%3C\/script%3E\" target=\"_blank\"><br \/>\n<\/a><br \/>\n\u2014\u2014\u2014\u2014\u2014\u2014\u2014\u2014\u2014\u2014\u2014\u2014-<\/div>\n<div>Alle Bilder auf dieser Internetseite sind urheberrechtlich gesch\u00fctzt und Eigentum von musikkapellehuben.at, sofern nicht mit einem anderen copyright versehen.<\/div>\n","protected":false},"excerpt":{"rendered":"<p>Informationspflicht lt. E-Commerce-Gesetz (ECG) \u00a7 5 Abs. 1 Herausgeber \/ Verantwortlich f\u00fcr den Inhalt: Musikkapelle Huben Obmann Werner Klotz Huben 206b, 6444 L\u00e4ngenfeld \u2014\u2014\u2014\u2014\u2014\u2014\u2014\u2014\u2014\u2014\u2014\u2014- F\u00fcr die Richtigkeit und Vollst\u00e4ndigkeit der dargestellten Informationen und der von anderen Diensten \u00fcbernommenen Daten wird keine Haftung \u00fcbernommen. Den angebotenen Informationen kommt keine Rechtsverbindlichkeit zu. Trotz sorgf\u00e4ltiger inhaltlicher Kontrolle \u00fcbernehmen wir keine Gew\u00e4hr f\u00fcr die Inhalte externer Links. F\u00fcr den Inhalt der verlinkten Seiten sind ausschlie\u00dflich deren Betreiber verantwortlich. \u2014\u2014\u2014\u2014\u2014\u2014\u2014\u2014\u2014\u2014\u2014\u2014- Alle Bilder auf dieser Internetseite sind urheberrechtlich gesch\u00fctzt und Eigentum von musikkapellehuben.at, sofern nicht mit einem anderen copyright versehen.<\/p>\n","protected":false},"author":1,"featured_media":0,"parent":0,"menu_order":0,"comment_status":"closed","ping_status":"closed","template":"","meta":{"footnotes":""},"class_list":["post-909","page","type-page","status-publish","hentry"],"_links":{"self":[{"href":"http:\/\/www.musikkapellehuben.at\/mkneu\/wp-json\/wp\/v2\/pages\/909"}],"collection":[{"href":"http:\/\/www.musikkapellehuben.at\/mkneu\/wp-json\/wp\/v2\/pages"}],"about":[{"href":"http:\/\/www.musikkapellehuben.at\/mkneu\/wp-json\/wp\/v2\/types\/page"}],"author":[{"embeddable":true,"href":"http:\/\/www.musikkapellehuben.at\/mkneu\/wp-json\/wp\/v2\/users\/1"}],"replies":[{"embeddable":true,"href":"http:\/\/www.musikkapellehuben.at\/mkneu\/wp-json\/wp\/v2\/comments?post=909"}],"version-history":[{"count":1,"href":"http:\/\/www.musikkapellehuben.at\/mkneu\/wp-json\/wp\/v2\/pages\/909\/revisions"}],"predecessor-version":[{"id":910,"href":"http:\/\/www.musikkapellehuben.at\/mkneu\/wp-json\/wp\/v2\/pages\/909\/revisions\/910"}],"wp:attachment":[{"href":"http:\/\/www.musikkapellehuben.at\/mkneu\/wp-json\/wp\/v2\/media?parent=909"}],"curies":[{"name":"wp","href":"https:\/\/api.w.org\/{rel}","templated":true}]}}