{"id":900,"date":"2016-01-18T08:02:34","date_gmt":"2016-01-18T07:02:34","guid":{"rendered":"http:\/\/www.musikkapellehuben.at\/mkneu\/?page_id=900"},"modified":"2023-06-05T15:10:27","modified_gmt":"2023-06-05T14:10:27","slug":"huebar-boemische","status":"publish","type":"page","link":"http:\/\/www.musikkapellehuben.at\/mkneu\/huebar-boemische\/","title":{"rendered":"Huebar B\u00f6hmische"},"content":{"rendered":"<h2 style=\"text-align: center;\"><img loading=\"lazy\" decoding=\"async\" class=\"aligncenter size-medium wp-image-2719\" src=\"http:\/\/www.musikkapellehuben.at\/mkneu\/wp-content\/uploads\/2023\/06\/C1927E28-C3FE-43D5-B8BE-17720C156807-632x474.jpeg\" alt=\"\" width=\"632\" height=\"474\" srcset=\"http:\/\/www.musikkapellehuben.at\/mkneu\/wp-content\/uploads\/2023\/06\/C1927E28-C3FE-43D5-B8BE-17720C156807-632x474.jpeg 632w, http:\/\/www.musikkapellehuben.at\/mkneu\/wp-content\/uploads\/2023\/06\/C1927E28-C3FE-43D5-B8BE-17720C156807-1020x765.jpeg 1020w, http:\/\/www.musikkapellehuben.at\/mkneu\/wp-content\/uploads\/2023\/06\/C1927E28-C3FE-43D5-B8BE-17720C156807-768x576.jpeg 768w, http:\/\/www.musikkapellehuben.at\/mkneu\/wp-content\/uploads\/2023\/06\/C1927E28-C3FE-43D5-B8BE-17720C156807-1536x1152.jpeg 1536w, http:\/\/www.musikkapellehuben.at\/mkneu\/wp-content\/uploads\/2023\/06\/C1927E28-C3FE-43D5-B8BE-17720C156807-2048x1536.jpeg 2048w, http:\/\/www.musikkapellehuben.at\/mkneu\/wp-content\/uploads\/2023\/06\/C1927E28-C3FE-43D5-B8BE-17720C156807-1140x855.jpeg 1140w\" sizes=\"(max-width: 632px) 100vw, 632px\" \/><br \/>\nBlechbl\u00e4sersound in Spitzenqualit\u00e4t<\/h2>\n<p align=\"center\">Wir, die HUEBAR B\u00d6HMISCHE,\u00a0 sind 10 Vollblutmusiker, von Amateuren bis hin zu Berufsmusikern. Die Formation besteht nun schon seit dem Jahre 2005 \u2013 und ausnahmslos ALLE sind nach wie vor mit dem b\u00f6hmischen Virus infiziert. \u00a0Die Gruppe setzt sich \u00a0aus 9 M\u00e4nner und 1 Frau zusammen, wobei \u00a04 Trompeten, 2 Tenorh\u00f6rner, 2 Waldh\u00f6rner, 1 Tuba und 1 Schlagzeug den typischen <em>HUEBAR B\u00d6HMISCHE-Klang<\/em>ergeben.<\/p>\n<p align=\"center\">Wie schon eingangs erw\u00e4hnt, gibt es bei uns Berufsmusiker welche als Musikschullehrer oder in verschiedenen Orchestern und Formationen aktiv sind. Aber auch jene, die als Amateure bezeichnet werden, sind fast alle Tr\u00e4ger des Leistungsabzeichens in Gold.<\/p>\n<p align=\"center\">Unser Repertoire beinhaltet von den Klassikern der Egerl\u00e4nder Musikanten, bis hin zu den aktuellen Hits der b\u00f6hmischen Blasmusik so beinahe alles. Auch St\u00fccke der Beatles, Fendrich oder Udo J\u00fcrgens sind in unseren Mappen zuhause \u2013 die meisten von unseren eigenen Musikern speziell f\u00fcr unsere Besetzung arrangiert. Nat\u00fcrlich d\u00fcrfen auch Solost\u00fccke, Walzer und M\u00e4rsche nicht fehlen.<\/p>\n<p align=\"center\">Wie man sieht, sind wir in vielen Musikrichtungen zuhause und dementsprechend vielf\u00e4ltig sind auch unsere Auftritte. \u00dcber Zeltfeste, Fr\u00fch- und D\u00e4mmerschoppen, Hochzeiten oder Geburtstagsfeiern \u2013 f\u00fcr echte Fans der b\u00f6hmischen Musik sind wir die passende Unterhaltung.<\/p>\n<h5 style=\"text-align: center;\">Musikalische Leitung HUEBAR B\u00d6HMISCHE:<\/h5>\n<p style=\"text-align: center;\"><strong>Romed Ennemoser<\/strong><br \/>\n<strong>Huben 378<\/strong><br \/>\n<strong>A-6444 L\u00e4ngenfeld<\/strong><br \/>\n<strong>Tel.: 0043 (0) 664 \/ 3930346<br \/>\ne-mail: <a href=\"mailto:romed-ennemoser@hotmail.com\">romed-ennemoser@hotmail.com<\/a><\/strong><\/p>\n<p style=\"text-align: center;\">\n","protected":false},"excerpt":{"rendered":"<p>Blechbl\u00e4sersound in Spitzenqualit\u00e4t Wir, die HUEBAR B\u00d6HMISCHE,\u00a0 sind 10 Vollblutmusiker, von Amateuren bis hin zu Berufsmusikern. Die Formation besteht nun schon seit dem Jahre 2005 \u2013 und ausnahmslos ALLE sind nach wie vor mit dem b\u00f6hmischen Virus infiziert. \u00a0Die Gruppe setzt sich \u00a0aus 9 M\u00e4nner und 1 Frau zusammen, wobei \u00a04 Trompeten, 2 Tenorh\u00f6rner, 2 Waldh\u00f6rner, 1 Tuba und 1 Schlagzeug den typischen HUEBAR B\u00d6HMISCHE-Klangergeben. Wie schon eingangs erw\u00e4hnt, gibt es bei uns Berufsmusiker welche als Musikschullehrer oder in verschiedenen Orchestern und Formationen aktiv sind. Aber auch jene, die als Amateure bezeichnet werden, sind fast alle Tr\u00e4ger des Leistungsabzeichens in Gold. Unser Repertoire beinhaltet von den Klassikern der Egerl\u00e4nder Musikanten, bis hin zu den aktuellen Hits der b\u00f6hmischen Blasmusik so beinahe alles. Auch St\u00fccke der Beatles, Fendrich oder Udo J\u00fcrgens sind in unseren Mappen zuhause \u2013 die meisten von unseren eigenen Musikern speziell f\u00fcr unsere Besetzung arrangiert. Nat\u00fcrlich d\u00fcrfen auch Solost\u00fccke, Walzer und M\u00e4rsche nicht fehlen. Wie man sieht, sind wir in vielen Musikrichtungen zuhause und dementsprechend vielf\u00e4ltig sind auch unsere Auftritte. \u00dcber Zeltfeste, Fr\u00fch- und D\u00e4mmerschoppen, Hochzeiten oder Geburtstagsfeiern \u2013 f\u00fcr echte Fans der b\u00f6hmischen Musik sind wir die passende Unterhaltung. Musikalische Leitung HUEBAR B\u00d6HMISCHE: Romed Ennemoser Huben 378 A-6444 L\u00e4ngenfeld Tel.: 0043 (0) 664 \/ 3930346 e-mail: romed-ennemoser@hotmail.com<\/p>\n","protected":false},"author":1,"featured_media":0,"parent":0,"menu_order":0,"comment_status":"closed","ping_status":"closed","template":"","meta":{"footnotes":""},"class_list":["post-900","page","type-page","status-publish","hentry"],"_links":{"self":[{"href":"http:\/\/www.musikkapellehuben.at\/mkneu\/wp-json\/wp\/v2\/pages\/900"}],"collection":[{"href":"http:\/\/www.musikkapellehuben.at\/mkneu\/wp-json\/wp\/v2\/pages"}],"about":[{"href":"http:\/\/www.musikkapellehuben.at\/mkneu\/wp-json\/wp\/v2\/types\/page"}],"author":[{"embeddable":true,"href":"http:\/\/www.musikkapellehuben.at\/mkneu\/wp-json\/wp\/v2\/users\/1"}],"replies":[{"embeddable":true,"href":"http:\/\/www.musikkapellehuben.at\/mkneu\/wp-json\/wp\/v2\/comments?post=900"}],"version-history":[{"count":15,"href":"http:\/\/www.musikkapellehuben.at\/mkneu\/wp-json\/wp\/v2\/pages\/900\/revisions"}],"predecessor-version":[{"id":2720,"href":"http:\/\/www.musikkapellehuben.at\/mkneu\/wp-json\/wp\/v2\/pages\/900\/revisions\/2720"}],"wp:attachment":[{"href":"http:\/\/www.musikkapellehuben.at\/mkneu\/wp-json\/wp\/v2\/media?parent=900"}],"curies":[{"name":"wp","href":"https:\/\/api.w.org\/{rel}","templated":true}]}}