{"id":862,"date":"2016-01-15T13:03:29","date_gmt":"2016-01-15T12:03:29","guid":{"rendered":"http:\/\/www.musikkapellehuben.at\/mkneu\/?page_id=862"},"modified":"2024-11-23T13:23:31","modified_gmt":"2024-11-23T12:23:31","slug":"aktive-passive-ehrenmitglieder","status":"publish","type":"page","link":"http:\/\/www.musikkapellehuben.at\/mkneu\/aktive-passive-ehrenmitglieder\/","title":{"rendered":"aktive \/ passive Ehrenmitglieder"},"content":{"rendered":"<div style=\"text-align: center\">Ignaz Kuen (nicht aktiv)<\/div>\n<div style=\"text-align: center\">Franz Sch\u00f6pf (nicht aktiv)<\/div>\n<div style=\"text-align: center\">Wolfgang Jenewein (Ehrenobmann &#8211; nicht aktiv)<\/div>\n<div style=\"text-align: center\">Burkard Haid (nicht aktiv)<\/div>\n<div style=\"text-align: center\">Anton Sch\u00f6pf (nicht aktiv)<\/div>\n<div style=\"text-align: center\">Helmut Sch\u00f6pf (nicht aktiv)<\/div>\n<div style=\"text-align: center\">Josef Holzknecht (nicht aktiv)<\/div>\n<div style=\"text-align: center\">Robert Klotz (nicht aktiv)<\/div>\n<div style=\"text-align: center\">Michael Kuen (aktiv)<\/div>\n<div style=\"text-align: center\">Thomas Wilhelm (aktiv)<\/div>\n<div style=\"text-align: center\">Ewald Praxmarer (aktiv)<\/div>\n","protected":false},"excerpt":{"rendered":"<p>Ignaz Kuen (nicht aktiv) Franz Sch\u00f6pf (nicht aktiv) Wolfgang Jenewein (Ehrenobmann &#8211; nicht aktiv) Burkard Haid (nicht aktiv) Anton Sch\u00f6pf (nicht aktiv) Helmut Sch\u00f6pf (nicht aktiv) Josef Holzknecht (nicht aktiv) Robert Klotz (nicht aktiv) Michael Kuen (aktiv) Thomas Wilhelm (aktiv) Ewald Praxmarer (aktiv)<\/p>\n","protected":false},"author":1,"featured_media":0,"parent":0,"menu_order":0,"comment_status":"closed","ping_status":"closed","template":"","meta":{"footnotes":""},"class_list":["post-862","page","type-page","status-publish","hentry"],"_links":{"self":[{"href":"http:\/\/www.musikkapellehuben.at\/mkneu\/wp-json\/wp\/v2\/pages\/862"}],"collection":[{"href":"http:\/\/www.musikkapellehuben.at\/mkneu\/wp-json\/wp\/v2\/pages"}],"about":[{"href":"http:\/\/www.musikkapellehuben.at\/mkneu\/wp-json\/wp\/v2\/types\/page"}],"author":[{"embeddable":true,"href":"http:\/\/www.musikkapellehuben.at\/mkneu\/wp-json\/wp\/v2\/users\/1"}],"replies":[{"embeddable":true,"href":"http:\/\/www.musikkapellehuben.at\/mkneu\/wp-json\/wp\/v2\/comments?post=862"}],"version-history":[{"count":11,"href":"http:\/\/www.musikkapellehuben.at\/mkneu\/wp-json\/wp\/v2\/pages\/862\/revisions"}],"predecessor-version":[{"id":3730,"href":"http:\/\/www.musikkapellehuben.at\/mkneu\/wp-json\/wp\/v2\/pages\/862\/revisions\/3730"}],"wp:attachment":[{"href":"http:\/\/www.musikkapellehuben.at\/mkneu\/wp-json\/wp\/v2\/media?parent=862"}],"curies":[{"name":"wp","href":"https:\/\/api.w.org\/{rel}","templated":true}]}}