{"id":840,"date":"2016-01-15T12:40:24","date_gmt":"2016-01-15T11:40:24","guid":{"rendered":"http:\/\/www.musikkapellehuben.at\/mkneu\/?page_id=840"},"modified":"2024-11-28T20:45:53","modified_gmt":"2024-11-28T19:45:53","slug":"querfloete-fagott","status":"publish","type":"page","link":"http:\/\/www.musikkapellehuben.at\/mkneu\/querfloete-fagott\/","title":{"rendered":"Querfl\u00f6te \/ Fagott"},"content":{"rendered":"<div style=\"text-align: center\"><img loading=\"lazy\" decoding=\"async\" src=\"http:\/\/www.musikkapellehuben.at\/mkneu\/wp-content\/uploads\/2024\/04\/IMG_2176-Verbessert-RR-Bearbeitet-632x421.jpg\" class=\"aligncenter size-medium wp-image-3345\" width=\"632\" height=\"421\" alt=\"\" srcset=\"http:\/\/www.musikkapellehuben.at\/mkneu\/wp-content\/uploads\/2024\/04\/IMG_2176-Verbessert-RR-Bearbeitet-632x421.jpg 632w, http:\/\/www.musikkapellehuben.at\/mkneu\/wp-content\/uploads\/2024\/04\/IMG_2176-Verbessert-RR-Bearbeitet-1020x680.jpg 1020w, http:\/\/www.musikkapellehuben.at\/mkneu\/wp-content\/uploads\/2024\/04\/IMG_2176-Verbessert-RR-Bearbeitet-420x280.jpg 420w, http:\/\/www.musikkapellehuben.at\/mkneu\/wp-content\/uploads\/2024\/04\/IMG_2176-Verbessert-RR-Bearbeitet-768x512.jpg 768w, http:\/\/www.musikkapellehuben.at\/mkneu\/wp-content\/uploads\/2024\/04\/IMG_2176-Verbessert-RR-Bearbeitet-1536x1024.jpg 1536w, http:\/\/www.musikkapellehuben.at\/mkneu\/wp-content\/uploads\/2024\/04\/IMG_2176-Verbessert-RR-Bearbeitet-2048x1365.jpg 2048w, http:\/\/www.musikkapellehuben.at\/mkneu\/wp-content\/uploads\/2024\/04\/IMG_2176-Verbessert-RR-Bearbeitet-1140x760.jpg 1140w\" sizes=\"(max-width: 632px) 100vw, 632px\" \/><\/div>\n<div style=\"text-align: center\">Janine Haid (Piccolo)<\/div>\n<div style=\"text-align: center\">Patrick Auer (Notenwart)<\/div>\n<div style=\"text-align: center\">Lorena Schmid (Oboe) (Schriftf\u00fchrerin)<\/div>\n<div style=\"text-align: center\">Marie-Theres Praxmarer (Jugendreferentin)<\/div>\n<div>\n<div style=\"text-align: center\">Simon N\u00f6sig (Fagott)<\/div>\n<div style=\"text-align: center\">Lisa Kuprian<\/div>\n<div style=\"text-align: center\">Adrienn Szabo<\/div>\n<div style=\"text-align: center\">Sophie N\u00f6sig<\/div>\n<div style=\"text-align: center\"><a href=\"http:\/\/www.musikkapellehuben.at\/mkneu\/aktive-mitglieder\/\">&lt;&lt; zur\u00fcck<\/a><\/div>\n<\/div>\n","protected":false},"excerpt":{"rendered":"<p>Janine Haid (Piccolo) Patrick Auer (Notenwart) Lorena Schmid (Oboe) (Schriftf\u00fchrerin) Marie-Theres Praxmarer (Jugendreferentin) Simon N\u00f6sig (Fagott) Lisa Kuprian Adrienn Szabo Sophie N\u00f6sig &lt;&lt; zur\u00fcck<\/p>\n","protected":false},"author":1,"featured_media":0,"parent":0,"menu_order":0,"comment_status":"closed","ping_status":"closed","template":"","meta":{"footnotes":""},"class_list":["post-840","page","type-page","status-publish","hentry"],"_links":{"self":[{"href":"http:\/\/www.musikkapellehuben.at\/mkneu\/wp-json\/wp\/v2\/pages\/840"}],"collection":[{"href":"http:\/\/www.musikkapellehuben.at\/mkneu\/wp-json\/wp\/v2\/pages"}],"about":[{"href":"http:\/\/www.musikkapellehuben.at\/mkneu\/wp-json\/wp\/v2\/types\/page"}],"author":[{"embeddable":true,"href":"http:\/\/www.musikkapellehuben.at\/mkneu\/wp-json\/wp\/v2\/users\/1"}],"replies":[{"embeddable":true,"href":"http:\/\/www.musikkapellehuben.at\/mkneu\/wp-json\/wp\/v2\/comments?post=840"}],"version-history":[{"count":23,"href":"http:\/\/www.musikkapellehuben.at\/mkneu\/wp-json\/wp\/v2\/pages\/840\/revisions"}],"predecessor-version":[{"id":3756,"href":"http:\/\/www.musikkapellehuben.at\/mkneu\/wp-json\/wp\/v2\/pages\/840\/revisions\/3756"}],"wp:attachment":[{"href":"http:\/\/www.musikkapellehuben.at\/mkneu\/wp-json\/wp\/v2\/media?parent=840"}],"curies":[{"name":"wp","href":"https:\/\/api.w.org\/{rel}","templated":true}]}}