{"id":838,"date":"2016-01-15T12:39:11","date_gmt":"2016-01-15T11:39:11","guid":{"rendered":"http:\/\/www.musikkapellehuben.at\/mkneu\/?page_id=838"},"modified":"2026-03-21T14:21:07","modified_gmt":"2026-03-21T13:21:07","slug":"tenorhorn-bariton","status":"publish","type":"page","link":"http:\/\/www.musikkapellehuben.at\/mkneu\/tenorhorn-bariton\/","title":{"rendered":"Tenorhorn \/ Bariton"},"content":{"rendered":"<div><\/div>\n<div style=\"text-align: center\"><img loading=\"lazy\" decoding=\"async\" src=\"http:\/\/www.musikkapellehuben.at\/mkneu\/wp-content\/uploads\/2024\/04\/IMG_2255-Verbessert-RR-Bearbeitet-632x421.jpg\" class=\"aligncenter size-medium wp-image-3355\" width=\"632\" height=\"421\" alt=\"\" srcset=\"http:\/\/www.musikkapellehuben.at\/mkneu\/wp-content\/uploads\/2024\/04\/IMG_2255-Verbessert-RR-Bearbeitet-632x421.jpg 632w, http:\/\/www.musikkapellehuben.at\/mkneu\/wp-content\/uploads\/2024\/04\/IMG_2255-Verbessert-RR-Bearbeitet-1020x680.jpg 1020w, http:\/\/www.musikkapellehuben.at\/mkneu\/wp-content\/uploads\/2024\/04\/IMG_2255-Verbessert-RR-Bearbeitet-420x280.jpg 420w, http:\/\/www.musikkapellehuben.at\/mkneu\/wp-content\/uploads\/2024\/04\/IMG_2255-Verbessert-RR-Bearbeitet-768x512.jpg 768w, http:\/\/www.musikkapellehuben.at\/mkneu\/wp-content\/uploads\/2024\/04\/IMG_2255-Verbessert-RR-Bearbeitet-1536x1024.jpg 1536w, http:\/\/www.musikkapellehuben.at\/mkneu\/wp-content\/uploads\/2024\/04\/IMG_2255-Verbessert-RR-Bearbeitet-2048x1365.jpg 2048w, http:\/\/www.musikkapellehuben.at\/mkneu\/wp-content\/uploads\/2024\/04\/IMG_2255-Verbessert-RR-Bearbeitet-1140x760.jpg 1140w\" sizes=\"(max-width: 632px) 100vw, 632px\" \/><br \/>\nGerold Br\u00fcggler<\/div>\n<div style=\"text-align: center\">Thomas Sch\u00f6pf<\/div>\n<div style=\"text-align: center\">Jonas Klotz (Stabf\u00fchrer und Kapellmeister Stellvertreter)<\/div>\n<div style=\"text-align: center\">Simon Klotz<\/div>\n<div style=\"text-align: center\">Isaak Br\u00fcggler<\/div>\n<div style=\"text-align: center\"><a href=\"http:\/\/www.musikkapellehuben.at\/mkneu\/aktive-mitglieder\/\">&lt;&lt; zur\u00fcck<\/a><\/div>\n","protected":false},"excerpt":{"rendered":"<p>Gerold Br\u00fcggler Thomas Sch\u00f6pf Jonas Klotz (Stabf\u00fchrer und Kapellmeister Stellvertreter) Simon Klotz Isaak Br\u00fcggler &lt;&lt; zur\u00fcck<\/p>\n","protected":false},"author":1,"featured_media":0,"parent":0,"menu_order":0,"comment_status":"closed","ping_status":"closed","template":"","meta":{"footnotes":""},"class_list":["post-838","page","type-page","status-publish","hentry"],"_links":{"self":[{"href":"http:\/\/www.musikkapellehuben.at\/mkneu\/wp-json\/wp\/v2\/pages\/838"}],"collection":[{"href":"http:\/\/www.musikkapellehuben.at\/mkneu\/wp-json\/wp\/v2\/pages"}],"about":[{"href":"http:\/\/www.musikkapellehuben.at\/mkneu\/wp-json\/wp\/v2\/types\/page"}],"author":[{"embeddable":true,"href":"http:\/\/www.musikkapellehuben.at\/mkneu\/wp-json\/wp\/v2\/users\/1"}],"replies":[{"embeddable":true,"href":"http:\/\/www.musikkapellehuben.at\/mkneu\/wp-json\/wp\/v2\/comments?post=838"}],"version-history":[{"count":16,"href":"http:\/\/www.musikkapellehuben.at\/mkneu\/wp-json\/wp\/v2\/pages\/838\/revisions"}],"predecessor-version":[{"id":4239,"href":"http:\/\/www.musikkapellehuben.at\/mkneu\/wp-json\/wp\/v2\/pages\/838\/revisions\/4239"}],"wp:attachment":[{"href":"http:\/\/www.musikkapellehuben.at\/mkneu\/wp-json\/wp\/v2\/media?parent=838"}],"curies":[{"name":"wp","href":"https:\/\/api.w.org\/{rel}","templated":true}]}}