{"id":836,"date":"2016-01-15T12:38:18","date_gmt":"2016-01-15T11:38:18","guid":{"rendered":"http:\/\/www.musikkapellehuben.at\/mkneu\/?page_id=836"},"modified":"2025-12-08T17:03:09","modified_gmt":"2025-12-08T16:03:09","slug":"posaune","status":"publish","type":"page","link":"http:\/\/www.musikkapellehuben.at\/mkneu\/posaune\/","title":{"rendered":"Posaune"},"content":{"rendered":"<div style=\"text-align: center\"><img loading=\"lazy\" decoding=\"async\" src=\"http:\/\/www.musikkapellehuben.at\/mkneu\/wp-content\/uploads\/2024\/04\/IMG_2247-Verbessert-RR-Bearbeitet-632x421.jpg\" class=\"aligncenter size-medium wp-image-3342\" width=\"632\" height=\"421\" alt=\"\" srcset=\"http:\/\/www.musikkapellehuben.at\/mkneu\/wp-content\/uploads\/2024\/04\/IMG_2247-Verbessert-RR-Bearbeitet-632x421.jpg 632w, http:\/\/www.musikkapellehuben.at\/mkneu\/wp-content\/uploads\/2024\/04\/IMG_2247-Verbessert-RR-Bearbeitet-1020x680.jpg 1020w, http:\/\/www.musikkapellehuben.at\/mkneu\/wp-content\/uploads\/2024\/04\/IMG_2247-Verbessert-RR-Bearbeitet-420x280.jpg 420w, http:\/\/www.musikkapellehuben.at\/mkneu\/wp-content\/uploads\/2024\/04\/IMG_2247-Verbessert-RR-Bearbeitet-768x512.jpg 768w, http:\/\/www.musikkapellehuben.at\/mkneu\/wp-content\/uploads\/2024\/04\/IMG_2247-Verbessert-RR-Bearbeitet-1536x1024.jpg 1536w, http:\/\/www.musikkapellehuben.at\/mkneu\/wp-content\/uploads\/2024\/04\/IMG_2247-Verbessert-RR-Bearbeitet-2048x1365.jpg 2048w, http:\/\/www.musikkapellehuben.at\/mkneu\/wp-content\/uploads\/2024\/04\/IMG_2247-Verbessert-RR-Bearbeitet-1140x760.jpg 1140w\" sizes=\"(max-width: 632px) 100vw, 632px\" \/><br \/>\nPeter Br\u00fcggler<\/div>\n<div style=\"text-align: center\">Hugo Wilhelm<\/div>\n<div style=\"text-align: center\">Rudi Dollinger (Obmann Stellvertreter)<\/div>\n<div style=\"text-align: center\">Annabell Br\u00fcggler<\/div>\n<div>\n<div style=\"text-align: center\">Florentine Br\u00fcggler<\/div>\n<div style=\"text-align: center\">Valerie Br\u00fcggler<\/div>\n<div style=\"text-align: center\"><a href=\"http:\/\/www.musikkapellehuben.at\/mkneu\/aktive-mitglieder\/\">&lt;&lt; zur\u00fcck<\/a><\/div>\n<\/div>\n","protected":false},"excerpt":{"rendered":"<p>Peter Br\u00fcggler Hugo Wilhelm Rudi Dollinger (Obmann Stellvertreter) Annabell Br\u00fcggler Florentine Br\u00fcggler Valerie Br\u00fcggler &lt;&lt; zur\u00fcck<\/p>\n","protected":false},"author":1,"featured_media":0,"parent":0,"menu_order":0,"comment_status":"closed","ping_status":"closed","template":"","meta":{"footnotes":""},"class_list":["post-836","page","type-page","status-publish","hentry"],"_links":{"self":[{"href":"http:\/\/www.musikkapellehuben.at\/mkneu\/wp-json\/wp\/v2\/pages\/836"}],"collection":[{"href":"http:\/\/www.musikkapellehuben.at\/mkneu\/wp-json\/wp\/v2\/pages"}],"about":[{"href":"http:\/\/www.musikkapellehuben.at\/mkneu\/wp-json\/wp\/v2\/types\/page"}],"author":[{"embeddable":true,"href":"http:\/\/www.musikkapellehuben.at\/mkneu\/wp-json\/wp\/v2\/users\/1"}],"replies":[{"embeddable":true,"href":"http:\/\/www.musikkapellehuben.at\/mkneu\/wp-json\/wp\/v2\/comments?post=836"}],"version-history":[{"count":13,"href":"http:\/\/www.musikkapellehuben.at\/mkneu\/wp-json\/wp\/v2\/pages\/836\/revisions"}],"predecessor-version":[{"id":4195,"href":"http:\/\/www.musikkapellehuben.at\/mkneu\/wp-json\/wp\/v2\/pages\/836\/revisions\/4195"}],"wp:attachment":[{"href":"http:\/\/www.musikkapellehuben.at\/mkneu\/wp-json\/wp\/v2\/media?parent=836"}],"curies":[{"name":"wp","href":"https:\/\/api.w.org\/{rel}","templated":true}]}}