{"id":830,"date":"2016-01-15T12:36:08","date_gmt":"2016-01-15T11:36:08","guid":{"rendered":"http:\/\/www.musikkapellehuben.at\/mkneu\/?page_id=830"},"modified":"2025-12-08T17:02:39","modified_gmt":"2025-12-08T16:02:39","slug":"marketenderin","status":"publish","type":"page","link":"http:\/\/www.musikkapellehuben.at\/mkneu\/marketenderin\/","title":{"rendered":"Marketenderin"},"content":{"rendered":"<div><\/div>\n<div><\/div>\n<div>\n<div style=\"text-align: center\"><img loading=\"lazy\" decoding=\"async\" src=\"http:\/\/www.musikkapellehuben.at\/mkneu\/wp-content\/uploads\/2024\/04\/IMG_2146-Verbessert-RR-632x421.jpg\" class=\"aligncenter size-medium wp-image-3334\" width=\"632\" height=\"421\" alt=\"\" srcset=\"http:\/\/www.musikkapellehuben.at\/mkneu\/wp-content\/uploads\/2024\/04\/IMG_2146-Verbessert-RR-632x421.jpg 632w, http:\/\/www.musikkapellehuben.at\/mkneu\/wp-content\/uploads\/2024\/04\/IMG_2146-Verbessert-RR-1020x680.jpg 1020w, http:\/\/www.musikkapellehuben.at\/mkneu\/wp-content\/uploads\/2024\/04\/IMG_2146-Verbessert-RR-420x280.jpg 420w, http:\/\/www.musikkapellehuben.at\/mkneu\/wp-content\/uploads\/2024\/04\/IMG_2146-Verbessert-RR-768x512.jpg 768w, http:\/\/www.musikkapellehuben.at\/mkneu\/wp-content\/uploads\/2024\/04\/IMG_2146-Verbessert-RR-1536x1024.jpg 1536w, http:\/\/www.musikkapellehuben.at\/mkneu\/wp-content\/uploads\/2024\/04\/IMG_2146-Verbessert-RR-2048x1365.jpg 2048w, http:\/\/www.musikkapellehuben.at\/mkneu\/wp-content\/uploads\/2024\/04\/IMG_2146-Verbessert-RR-1140x760.jpg 1140w\" sizes=\"(max-width: 632px) 100vw, 632px\" \/><br \/>\nSabrina Sch\u00f6pf<\/div>\n<div style=\"text-align: center\">Fabienne Gr\u00fcner<\/div>\n<div style=\"text-align: center\">Anna Kuen<\/div>\n<div style=\"text-align: center\">Raphaela Wilhelm<\/div>\n<div style=\"text-align: center\">Emilia Plevka<\/div>\n<div style=\"text-align: center\"><a href=\"http:\/\/www.musikkapellehuben.at\/mkneu\/aktive-mitglieder\/\">&lt;&lt; zur\u00fcck<\/a><\/div>\n<\/div>\n","protected":false},"excerpt":{"rendered":"<p>Sabrina Sch\u00f6pf Fabienne Gr\u00fcner Anna Kuen Raphaela Wilhelm Emilia Plevka &lt;&lt; zur\u00fcck<\/p>\n","protected":false},"author":1,"featured_media":0,"parent":0,"menu_order":0,"comment_status":"closed","ping_status":"closed","template":"","meta":{"footnotes":""},"class_list":["post-830","page","type-page","status-publish","hentry"],"_links":{"self":[{"href":"http:\/\/www.musikkapellehuben.at\/mkneu\/wp-json\/wp\/v2\/pages\/830"}],"collection":[{"href":"http:\/\/www.musikkapellehuben.at\/mkneu\/wp-json\/wp\/v2\/pages"}],"about":[{"href":"http:\/\/www.musikkapellehuben.at\/mkneu\/wp-json\/wp\/v2\/types\/page"}],"author":[{"embeddable":true,"href":"http:\/\/www.musikkapellehuben.at\/mkneu\/wp-json\/wp\/v2\/users\/1"}],"replies":[{"embeddable":true,"href":"http:\/\/www.musikkapellehuben.at\/mkneu\/wp-json\/wp\/v2\/comments?post=830"}],"version-history":[{"count":21,"href":"http:\/\/www.musikkapellehuben.at\/mkneu\/wp-json\/wp\/v2\/pages\/830\/revisions"}],"predecessor-version":[{"id":4194,"href":"http:\/\/www.musikkapellehuben.at\/mkneu\/wp-json\/wp\/v2\/pages\/830\/revisions\/4194"}],"wp:attachment":[{"href":"http:\/\/www.musikkapellehuben.at\/mkneu\/wp-json\/wp\/v2\/media?parent=830"}],"curies":[{"name":"wp","href":"https:\/\/api.w.org\/{rel}","templated":true}]}}