{"id":508,"date":"2014-07-29T10:00:22","date_gmt":"2014-07-29T09:00:22","guid":{"rendered":"http:\/\/www.musikkapellehuben.at\/mkneu\/?page_id=508"},"modified":"2014-07-29T10:09:52","modified_gmt":"2014-07-29T09:09:52","slug":"bezirksmusikfest-in-oetz-2014","status":"publish","type":"page","link":"http:\/\/www.musikkapellehuben.at\/mkneu\/bezirksmusikfest-in-oetz-2014\/","title":{"rendered":"Bezirksmusikfest in \u00d6tz 2014"},"content":{"rendered":"<hr \/>\n<table style=\"padding-left: 30px; background-color: #cbf3cc;\" border=\"0\">\n<tbody style=\"padding-left: 30px;\">\n<tr style=\"padding-left: 30px;\">\n<td><strong>\u00a0<\/strong><\/td>\n<td><strong>[singlepic id=826 w=250 h=354 float=left]<\/strong><\/td>\n<td style=\"padding-left: 30px;\"><strong>Das <span style=\"text-decoration: underline;\">Bezirksmusikfest<\/span> des Musikbezirkes Silz fand heuer <span style=\"text-decoration: underline;\">vom 25. bis 27. Juli in Oetz<\/span> statt.<\/strong><\/p>\n<p><strong>Am <em>Samstag<\/em> war der <em>Tag der Jugend<\/em>, an dem die Jugendorchester einzelner Musikkapellen ihr Repertoire pr\u00e4sentierten. Darunter war auch die <em>Gruppe \u201eHuLa\u201c<\/em>, die sich aus Jungmusikanten aus Huben und L\u00e4ngenfeld zusammensetzt. Zwischen den musikalischen Darbietungen wurden von Bezirksjugendreferent Klaus Strobl die Leistungsabzeichen in Silber und Bronze sowie das Junior-Leistungsabzeichen an die Nachwuchsmusiker \u00fcberreicht. Wir gratulieren an dieser Stelle zu folgenden\u00a0<\/strong><strong>Abzeichen:<\/strong><\/p>\n<p><strong><em>Jungmusikerleistungsabzeichen Junior:<\/em>\u00a0 Wilhelm Soraja (Waldhorn), Klotz Alena (Trompete), Herz Kilian (Trompete)<\/strong><\/p>\n<p><strong>J<em>ungmusikerleistungsabzeichen in Bronze:<\/em>\u00a0 Klotz Jonas (Tenorhorn), Kuen Simon (Tenorhorn), Haid Fabienne (Saxophon), Simoner Niclas (Trompete), Fiegl Thomas (Saxophon)<\/strong><\/p>\n<p><strong><em>Musikerleistungsabzeichen in Silber:<\/em>\u00a0 Klotz Lucia (Saxophon), Klotz Werner (Tuba)<\/strong><\/p>\n<p><strong>Weiters m\u00f6chten wir erw\u00e4hnen, dass Gabriel Stabentheiner die <em>Musikschulabschlusspr\u00fcfung der LMS \u00d6tztal <\/em>auf der Trompete abgelegt hat.<\/strong><\/p>\n<p><strong>Am<em> Sonntag<\/em> folgte der <em>\u201eTag der Blasmusik\u201c<\/em>. Alle 13 Musikkapellen marschierten fr\u00fch morgens zum Sportplatz in Oetz und feierten dort gemeinsam die heilige Messe. Im Anschluss folgte dann die <em>Marschmusikbewertung<\/em>. 12 Musikkapellen des Bezirkes stellten sich den strengen Blicken der Jury und brachten ihre Darbietungen zum Besten. Die<em> Musikkapelle Huben<\/em> trat auch heuer wieder in der h\u00f6chsten<em> Stufe \u201eE\u201c<\/em> an und konnte ausgezeichnete <em>88,90<\/em> Punkte erreichen! Allen Musikantinnen und Musikanten gratulieren wir zu dieser hervorragenden Leistung!<\/strong><\/p>\n<p>[nggallery id=34]<\/td>\n<\/tr>\n<tr>\n<td><strong>\u00a0<\/strong><\/td>\n<td><strong>\u00a0<\/strong><\/td>\n<td><strong>\u00a0<\/strong><\/td>\n<\/tr>\n<\/tbody>\n<\/table>\n<hr \/>\n<p>&nbsp;<\/p>\n","protected":false},"excerpt":{"rendered":"<p>\u00a0 [singlepic id=826 w=250 h=354 float=left] Das Bezirksmusikfest des Musikbezirkes Silz fand heuer vom 25. bis 27. Juli in Oetz statt. Am Samstag war der Tag der Jugend, an dem die Jugendorchester einzelner Musikkapellen ihr Repertoire pr\u00e4sentierten. Darunter war auch die Gruppe \u201eHuLa\u201c, die sich aus Jungmusikanten aus Huben und L\u00e4ngenfeld zusammensetzt. Zwischen den musikalischen Darbietungen wurden von Bezirksjugendreferent Klaus Strobl die Leistungsabzeichen in Silber und Bronze sowie das Junior-Leistungsabzeichen an die Nachwuchsmusiker \u00fcberreicht. Wir gratulieren an dieser Stelle zu folgenden\u00a0Abzeichen: Jungmusikerleistungsabzeichen Junior:\u00a0 Wilhelm Soraja (Waldhorn), Klotz Alena (Trompete), Herz Kilian (Trompete) Jungmusikerleistungsabzeichen in Bronze:\u00a0 Klotz Jonas (Tenorhorn), Kuen Simon (Tenorhorn), Haid Fabienne (Saxophon), Simoner Niclas (Trompete), Fiegl Thomas (Saxophon) Musikerleistungsabzeichen in Silber:\u00a0 Klotz Lucia (Saxophon), Klotz Werner (Tuba) Weiters m\u00f6chten wir erw\u00e4hnen, dass Gabriel Stabentheiner die Musikschulabschlusspr\u00fcfung der LMS \u00d6tztal auf der Trompete abgelegt hat. Am Sonntag folgte der \u201eTag der Blasmusik\u201c. Alle 13 Musikkapellen marschierten fr\u00fch morgens zum Sportplatz in Oetz und feierten dort gemeinsam die heilige Messe. Im Anschluss folgte dann die Marschmusikbewertung. 12 Musikkapellen des Bezirkes stellten sich den strengen Blicken der Jury und brachten ihre Darbietungen zum Besten. Die Musikkapelle Huben trat auch heuer wieder in der h\u00f6chsten Stufe \u201eE\u201c an und konnte ausgezeichnete 88,90 Punkte erreichen! Allen Musikantinnen und Musikanten gratulieren wir zu dieser hervorragenden Leistung! [nggallery id=34] \u00a0 \u00a0 \u00a0 &nbsp;<\/p>\n","protected":false},"author":1,"featured_media":0,"parent":0,"menu_order":0,"comment_status":"closed","ping_status":"open","template":"","meta":{"footnotes":""},"class_list":["post-508","page","type-page","status-publish","hentry"],"_links":{"self":[{"href":"http:\/\/www.musikkapellehuben.at\/mkneu\/wp-json\/wp\/v2\/pages\/508"}],"collection":[{"href":"http:\/\/www.musikkapellehuben.at\/mkneu\/wp-json\/wp\/v2\/pages"}],"about":[{"href":"http:\/\/www.musikkapellehuben.at\/mkneu\/wp-json\/wp\/v2\/types\/page"}],"author":[{"embeddable":true,"href":"http:\/\/www.musikkapellehuben.at\/mkneu\/wp-json\/wp\/v2\/users\/1"}],"replies":[{"embeddable":true,"href":"http:\/\/www.musikkapellehuben.at\/mkneu\/wp-json\/wp\/v2\/comments?post=508"}],"version-history":[{"count":5,"href":"http:\/\/www.musikkapellehuben.at\/mkneu\/wp-json\/wp\/v2\/pages\/508\/revisions"}],"predecessor-version":[{"id":517,"href":"http:\/\/www.musikkapellehuben.at\/mkneu\/wp-json\/wp\/v2\/pages\/508\/revisions\/517"}],"wp:attachment":[{"href":"http:\/\/www.musikkapellehuben.at\/mkneu\/wp-json\/wp\/v2\/media?parent=508"}],"curies":[{"name":"wp","href":"https:\/\/api.w.org\/{rel}","templated":true}]}}