{"id":457,"date":"2014-05-18T19:48:01","date_gmt":"2014-05-18T18:48:01","guid":{"rendered":"http:\/\/www.musikkapellehuben.at\/mkneu\/?page_id=457"},"modified":"2014-05-26T09:22:17","modified_gmt":"2014-05-26T08:22:17","slug":"fruehjahrskonzert-der-musikkapelle-huben","status":"publish","type":"page","link":"http:\/\/www.musikkapellehuben.at\/mkneu\/fruehjahrskonzert-der-musikkapelle-huben\/","title":{"rendered":"Fr\u00fchjahrskonzert der Musikkapelle Huben 2014"},"content":{"rendered":"<hr \/>\n<table style=\"padding-left: 30px; background-color: #cbf3cc;\" border=\"0\">\n<tbody style=\"padding-left: 30px;\">\n<tr style=\"padding-left: 30px;\">\n<td><strong>\u00a0<\/strong><\/td>\n<td><strong>[singlepic id=742 w=250 h=354 float=left]<\/strong><\/td>\n<td style=\"padding-left: 30px;\"><strong>Am Samstag, dem 17. Mai, veranstaltete die Musikkapelle Huben unter der Leitung von Kapellmeister Alexander Gr\u00fcner ihr traditionelles Fr\u00fchjahrskonzert im Gemeindesaal von L\u00e4ngenfeld.<\/strong><\/p>\n<p><strong>Die zahlreichen Zuh\u00f6rer erwartete ein abwechslungsreiches und schwungvolles Programm von verschiedensten Stilrichtungen, wie der &#8222;Florentiner Marsch&#8220; von Julius Fucik bis &#8222;I`d do anything for Love&#8220; von Meat Loaf.<\/strong><strong> <strong>Das Publikum war begeistert von den Trompetensolisten Markus, Anna und Romed mit dem bekannten St\u00fcck &#8222;Bugler`s Holiday&#8220; und von Ren\u00e9 mit seinen &#8222;Xylo Classics&#8220;.<\/strong><\/strong><\/p>\n<p><strong>Auch heuer wurden wieder Musikanten geehrt, die schon jahrelang in der Musikkapelle Huben t\u00e4tig sind. So wurde Ewald Praxmarer das gr\u00fcne Verdienstzeichen f\u00fcr 15 Jahre Ausschusst\u00e4tigkeit \u00fcberreicht, Nicolai Walzl f\u00fcr 25 Jahre Mitgliedschaft bei der Musikkapelle geehrt. Auch 2 neue Ehrenmitglieder hat die MK Huben mit Mike Kuen und Thomas Wilhelm. Sie sind mit ihren 50 Jahren schon 40 Jahre beim Verein. Der Ausschuss bedankt sich f\u00fcr Ihren Einsatz und hofft noch viele weitere Jahre auf sie z\u00e4hlen zu k\u00f6nnen.<\/strong><\/p>\n<p>[nggallery id=31]<\/td>\n<\/tr>\n<tr>\n<td><strong>\u00a0<\/strong><\/td>\n<td><strong>\u00a0<\/strong><\/td>\n<td><strong>\u00a0<\/strong><\/td>\n<\/tr>\n<\/tbody>\n<\/table>\n<hr \/>\n<p>&nbsp;<\/p>\n","protected":false},"excerpt":{"rendered":"<p>\u00a0 [singlepic id=742 w=250 h=354 float=left] Am Samstag, dem 17. Mai, veranstaltete die Musikkapelle Huben unter der Leitung von Kapellmeister Alexander Gr\u00fcner ihr traditionelles Fr\u00fchjahrskonzert im Gemeindesaal von L\u00e4ngenfeld. Die zahlreichen Zuh\u00f6rer erwartete ein abwechslungsreiches und schwungvolles Programm von verschiedensten Stilrichtungen, wie der &#8222;Florentiner Marsch&#8220; von Julius Fucik bis &#8222;I`d do anything for Love&#8220; von Meat Loaf. Das Publikum war begeistert von den Trompetensolisten Markus, Anna und Romed mit dem bekannten St\u00fcck &#8222;Bugler`s Holiday&#8220; und von Ren\u00e9 mit seinen &#8222;Xylo Classics&#8220;. Auch heuer wurden wieder Musikanten geehrt, die schon jahrelang in der Musikkapelle Huben t\u00e4tig sind. So wurde Ewald Praxmarer das gr\u00fcne Verdienstzeichen f\u00fcr 15 Jahre Ausschusst\u00e4tigkeit \u00fcberreicht, Nicolai Walzl f\u00fcr 25 Jahre Mitgliedschaft bei der Musikkapelle geehrt. Auch 2 neue Ehrenmitglieder hat die MK Huben mit Mike Kuen und Thomas Wilhelm. Sie sind mit ihren 50 Jahren schon 40 Jahre beim Verein. Der Ausschuss bedankt sich f\u00fcr Ihren Einsatz und hofft noch viele weitere Jahre auf sie z\u00e4hlen zu k\u00f6nnen. [nggallery id=31] \u00a0 \u00a0 \u00a0 &nbsp;<\/p>\n","protected":false},"author":1,"featured_media":0,"parent":0,"menu_order":0,"comment_status":"closed","ping_status":"open","template":"","meta":{"footnotes":""},"class_list":["post-457","page","type-page","status-publish","hentry"],"_links":{"self":[{"href":"http:\/\/www.musikkapellehuben.at\/mkneu\/wp-json\/wp\/v2\/pages\/457"}],"collection":[{"href":"http:\/\/www.musikkapellehuben.at\/mkneu\/wp-json\/wp\/v2\/pages"}],"about":[{"href":"http:\/\/www.musikkapellehuben.at\/mkneu\/wp-json\/wp\/v2\/types\/page"}],"author":[{"embeddable":true,"href":"http:\/\/www.musikkapellehuben.at\/mkneu\/wp-json\/wp\/v2\/users\/1"}],"replies":[{"embeddable":true,"href":"http:\/\/www.musikkapellehuben.at\/mkneu\/wp-json\/wp\/v2\/comments?post=457"}],"version-history":[{"count":8,"href":"http:\/\/www.musikkapellehuben.at\/mkneu\/wp-json\/wp\/v2\/pages\/457\/revisions"}],"predecessor-version":[{"id":475,"href":"http:\/\/www.musikkapellehuben.at\/mkneu\/wp-json\/wp\/v2\/pages\/457\/revisions\/475"}],"wp:attachment":[{"href":"http:\/\/www.musikkapellehuben.at\/mkneu\/wp-json\/wp\/v2\/media?parent=457"}],"curies":[{"name":"wp","href":"https:\/\/api.w.org\/{rel}","templated":true}]}}