{"id":430,"date":"2014-03-22T20:16:19","date_gmt":"2014-03-22T19:16:19","guid":{"rendered":"http:\/\/www.musikkapellehuben.at\/mkneu\/?page_id=430"},"modified":"2014-03-22T20:18:17","modified_gmt":"2014-03-22T19:18:17","slug":"oetztaler-schuetzenmarsch","status":"publish","type":"page","link":"http:\/\/www.musikkapellehuben.at\/mkneu\/oetztaler-schuetzenmarsch\/","title":{"rendered":"\u00d6tztaler Sch\u00fctzenmarsch"},"content":{"rendered":"<hr \/>\n<table style=\"padding-left: 30px; background-color: #cbf3cc;\" border=\"0\">\n<tbody style=\"padding-left: 30px;\">\n<tr style=\"padding-left: 30px;\">\n<td><\/td>\n<td>[singlepic id=714 w=250 h=188 float=left]<\/td>\n<td style=\"padding-left: 30px;\"><strong><br \/>\nUnser Altkapellmeister Andreas Gr\u00fcner hat im Fr\u00fchjahr 2013 den <span style=\"font-size: small;\">\u00d6tztaler Sch\u00fctzenmarsch<\/span> komponiert, welcher beim Fr\u00fchjahrskonzert der MK L\u00e4ngenfeld uraufgef\u00fchrt wurde.<\/strong><\/p>\n<p><strong>Als Dank f\u00fcr diesen sch\u00f6nen Marsch \u00fcberreichte das Sch\u00fctzenbataillon \u00d6tztal dem Komponisten eine Ehrentafel.<\/strong><strong>Am Samstag, dem 8. M\u00e4rz trafen sich deshalb die Vertreter der Sch\u00fctzenkompanien des \u00d6tztales sowie der MK L\u00e4ngenfeld, Huben und S\u00f6lden, um beim Zimmergewehrschie\u00dfen im Lokal der Sch\u00fctzengilde L\u00e4ngenfeld diese Ehrentafel zu beschie\u00dfen. <\/strong><\/p>\n<p><strong>Nat\u00fcrlich erreichten die Musikanten beinahe die gleiche Punkteanzahl wie die Sch\u00fctzen. Die Musikkapelle Huben gratuliert hiermit nochmals dem geehrten Altkapellmeister.<\/strong><\/p>\n<p>[nggallery id=30]<\/td>\n<\/tr>\n<tr>\n<td><\/td>\n<td><\/td>\n<td><\/td>\n<\/tr>\n<\/tbody>\n<\/table>\n<hr \/>\n<p>&nbsp;<\/p>\n","protected":false},"excerpt":{"rendered":"<p>[singlepic id=714 w=250 h=188 float=left] Unser Altkapellmeister Andreas Gr\u00fcner hat im Fr\u00fchjahr 2013 den \u00d6tztaler Sch\u00fctzenmarsch komponiert, welcher beim Fr\u00fchjahrskonzert der MK L\u00e4ngenfeld uraufgef\u00fchrt wurde. Als Dank f\u00fcr diesen sch\u00f6nen Marsch \u00fcberreichte das Sch\u00fctzenbataillon \u00d6tztal dem Komponisten eine Ehrentafel.Am Samstag, dem 8. M\u00e4rz trafen sich deshalb die Vertreter der Sch\u00fctzenkompanien des \u00d6tztales sowie der MK L\u00e4ngenfeld, Huben und S\u00f6lden, um beim Zimmergewehrschie\u00dfen im Lokal der Sch\u00fctzengilde L\u00e4ngenfeld diese Ehrentafel zu beschie\u00dfen. Nat\u00fcrlich erreichten die Musikanten beinahe die gleiche Punkteanzahl wie die Sch\u00fctzen. Die Musikkapelle Huben gratuliert hiermit nochmals dem geehrten Altkapellmeister. [nggallery id=30] &nbsp;<\/p>\n","protected":false},"author":1,"featured_media":0,"parent":0,"menu_order":0,"comment_status":"closed","ping_status":"open","template":"","meta":{"footnotes":""},"class_list":["post-430","page","type-page","status-publish","hentry"],"_links":{"self":[{"href":"http:\/\/www.musikkapellehuben.at\/mkneu\/wp-json\/wp\/v2\/pages\/430"}],"collection":[{"href":"http:\/\/www.musikkapellehuben.at\/mkneu\/wp-json\/wp\/v2\/pages"}],"about":[{"href":"http:\/\/www.musikkapellehuben.at\/mkneu\/wp-json\/wp\/v2\/types\/page"}],"author":[{"embeddable":true,"href":"http:\/\/www.musikkapellehuben.at\/mkneu\/wp-json\/wp\/v2\/users\/1"}],"replies":[{"embeddable":true,"href":"http:\/\/www.musikkapellehuben.at\/mkneu\/wp-json\/wp\/v2\/comments?post=430"}],"version-history":[{"count":5,"href":"http:\/\/www.musikkapellehuben.at\/mkneu\/wp-json\/wp\/v2\/pages\/430\/revisions"}],"predecessor-version":[{"id":437,"href":"http:\/\/www.musikkapellehuben.at\/mkneu\/wp-json\/wp\/v2\/pages\/430\/revisions\/437"}],"wp:attachment":[{"href":"http:\/\/www.musikkapellehuben.at\/mkneu\/wp-json\/wp\/v2\/media?parent=430"}],"curies":[{"name":"wp","href":"https:\/\/api.w.org\/{rel}","templated":true}]}}