{"id":329,"date":"2014-02-14T10:03:01","date_gmt":"2014-02-14T09:03:01","guid":{"rendered":"http:\/\/www.musikkapellehuben.at\/mkneu\/?page_id=329"},"modified":"2014-02-14T10:03:22","modified_gmt":"2014-02-14T09:03:22","slug":"herz-jesu-konzert-2013","status":"publish","type":"page","link":"http:\/\/www.musikkapellehuben.at\/mkneu\/herz-jesu-konzert-2013\/","title":{"rendered":"Herz-Jesu Konzert 2013"},"content":{"rendered":"<hr \/>\n<table style=\"padding-left: 30px; background-color: #cbf3cc;\" border=\"0\">\n<tbody style=\"padding-left: 30px;\">\n<tr style=\"padding-left: 30px;\">\n<td><\/td>\n<td>[singlepic id=641 w=250 h=188 float=left]<\/td>\n<td style=\"padding-left: 30px;\"><strong><\/strong><strong><strong><\/strong><\/strong><span style=\"font-size: small;\"><span style=\"font-size: small;\"><strong><strong><strong>Am 09.06.2013 fand das traditionelle Herz-Jesu Konzert der Musikkapelle Huben statt. Um 19.00 Uhr h\u00e4tte schon die Prozession stattgefunden, doch leider musste diese aufgrund der Witterungsverh\u00e4ltnisse abgesagt werden. Anstelle der Prozession feierte man in der Pfarrkirche Huben die Hl. Messe, die kurzerhand von einer kleinen Gruppe der Musikkapelle feierlich Umrahmt wurde.<\/strong><\/strong><\/strong><\/span><\/span><\/p>\n<p><span style=\"font-size: small;\"><strong>Um 20.00 Uhr trotzte unsere Musikkapelle dann dem Wetter und marschierte zum Pavillon auf. Aufgrund unserer Pavillon\u00fcberdachung konnten wir daher unser Konzert planm\u00e4\u00dfig durchf\u00fchren. Auch waren sehr viele Zuh\u00f6rer gekommen und lie\u00dfen es sich nicht nehmen bei unserem Konzertabend dabei zu sein! Unsere Musik fand beim Publikum gro\u00dfen Anklang und wir hoffen, dass wir mit unseren Kl\u00e4ngen die kalten Temperaturen vergessen lie\u00dfen. An dieser Stelle ein gro\u00dfes Kompliment und Dankesch\u00f6n an alle Zuh\u00f6rer aus Nah und Fern, die mit uns bei diesen Witterungsverh\u00e4ltnissen bis zum Schluss durchgehalten haben! So konnten wir alle zusammen wieder einen sch\u00f6nen Konzertabend erleben.<\/strong><\/span><\/p>\n<p><span style=\"font-size: small;\"><strong>Wir freuen uns schon auf die bevorstehende Konzertsaison und hoffen wieder viele (Einheimische) Besucher bei uns begr\u00fc\u00dfen zu k\u00f6nnen. Unser erstes TVB-Sommerkonzert findet am Freitag den 05.Juli um 20.30 Uhr statt. Vor den Konzerten werden wir wieder durch unsere sch\u00f6ne Ortschaft marschieren und eine kleine Showeinlage zum Besten geben!<\/strong><\/span><\/p>\n<p><span style=\"font-size: small;\"><strong>F\u00fcr die MK Huben<\/strong><\/span><\/p>\n<p><span style=\"font-size: small;\"><strong>Alexander Gr\u00fcner, Kapellmeister<\/strong><\/span><\/p>\n<p>[nggallery id=19]<\/td>\n<\/tr>\n<tr>\n<td><\/td>\n<td><\/td>\n<td><\/td>\n<\/tr>\n<\/tbody>\n<\/table>\n<hr \/>\n<p>&nbsp;<\/p>\n","protected":false},"excerpt":{"rendered":"<p>[singlepic id=641 w=250 h=188 float=left] Am 09.06.2013 fand das traditionelle Herz-Jesu Konzert der Musikkapelle Huben statt. Um 19.00 Uhr h\u00e4tte schon die Prozession stattgefunden, doch leider musste diese aufgrund der Witterungsverh\u00e4ltnisse abgesagt werden. Anstelle der Prozession feierte man in der Pfarrkirche Huben die Hl. Messe, die kurzerhand von einer kleinen Gruppe der Musikkapelle feierlich Umrahmt wurde. Um 20.00 Uhr trotzte unsere Musikkapelle dann dem Wetter und marschierte zum Pavillon auf. Aufgrund unserer Pavillon\u00fcberdachung konnten wir daher unser Konzert planm\u00e4\u00dfig durchf\u00fchren. Auch waren sehr viele Zuh\u00f6rer gekommen und lie\u00dfen es sich nicht nehmen bei unserem Konzertabend dabei zu sein! Unsere Musik fand beim Publikum gro\u00dfen Anklang und wir hoffen, dass wir mit unseren Kl\u00e4ngen die kalten Temperaturen vergessen lie\u00dfen. An dieser Stelle ein gro\u00dfes Kompliment und Dankesch\u00f6n an alle Zuh\u00f6rer aus Nah und Fern, die mit uns bei diesen Witterungsverh\u00e4ltnissen bis zum Schluss durchgehalten haben! So konnten wir alle zusammen wieder einen sch\u00f6nen Konzertabend erleben. Wir freuen uns schon auf die bevorstehende Konzertsaison und hoffen wieder viele (Einheimische) Besucher bei uns begr\u00fc\u00dfen zu k\u00f6nnen. Unser erstes TVB-Sommerkonzert findet am Freitag den 05.Juli um 20.30 Uhr statt. Vor den Konzerten werden wir wieder durch unsere sch\u00f6ne Ortschaft marschieren und eine kleine Showeinlage zum Besten geben! F\u00fcr die MK Huben Alexander Gr\u00fcner, Kapellmeister [nggallery id=19] &nbsp;<\/p>\n","protected":false},"author":1,"featured_media":0,"parent":0,"menu_order":0,"comment_status":"closed","ping_status":"open","template":"","meta":{"footnotes":""},"class_list":["post-329","page","type-page","status-publish","hentry"],"_links":{"self":[{"href":"http:\/\/www.musikkapellehuben.at\/mkneu\/wp-json\/wp\/v2\/pages\/329"}],"collection":[{"href":"http:\/\/www.musikkapellehuben.at\/mkneu\/wp-json\/wp\/v2\/pages"}],"about":[{"href":"http:\/\/www.musikkapellehuben.at\/mkneu\/wp-json\/wp\/v2\/types\/page"}],"author":[{"embeddable":true,"href":"http:\/\/www.musikkapellehuben.at\/mkneu\/wp-json\/wp\/v2\/users\/1"}],"replies":[{"embeddable":true,"href":"http:\/\/www.musikkapellehuben.at\/mkneu\/wp-json\/wp\/v2\/comments?post=329"}],"version-history":[{"count":3,"href":"http:\/\/www.musikkapellehuben.at\/mkneu\/wp-json\/wp\/v2\/pages\/329\/revisions"}],"predecessor-version":[{"id":332,"href":"http:\/\/www.musikkapellehuben.at\/mkneu\/wp-json\/wp\/v2\/pages\/329\/revisions\/332"}],"wp:attachment":[{"href":"http:\/\/www.musikkapellehuben.at\/mkneu\/wp-json\/wp\/v2\/media?parent=329"}],"curies":[{"name":"wp","href":"https:\/\/api.w.org\/{rel}","templated":true}]}}