{"id":305,"date":"2014-02-14T09:40:14","date_gmt":"2014-02-14T08:40:14","guid":{"rendered":"http:\/\/www.musikkapellehuben.at\/mkneu\/?page_id=305"},"modified":"2014-02-14T09:43:21","modified_gmt":"2014-02-14T08:43:21","slug":"fruehjahrskonzert-2013","status":"publish","type":"page","link":"http:\/\/www.musikkapellehuben.at\/mkneu\/fruehjahrskonzert-2013\/","title":{"rendered":"Fr\u00fchjahrskonzert 2013"},"content":{"rendered":"<hr \/>\n<table style=\"padding-left: 30px; background-color: #cbf3cc;\" border=\"0\">\n<tbody style=\"padding-left: 30px;\">\n<tr style=\"padding-left: 30px;\">\n<td><\/td>\n<td>[singlepic id=686 w=250h=354 float=left]<\/td>\n<td style=\"padding-left: 30px;\">&nbsp;<\/p>\n<p><strong><\/strong><strong><strong><\/strong><\/strong><span style=\"font-size: small;\"><span style=\"font-size: small;\"><strong><strong><strong>Die MK-Huben hat am 8. Mai ein grandioses Fr\u00fchjahrskonzert im Gemeindesaal L\u00e4ngenfeld aufgef\u00fchrt. Mit einer gro\u00dfartigen Er\u00f6ffnungsfanfare wurde das Konzert eingeleitet, ebenfalls im 1ten Teil spielten wir die beiden Wertungsst\u00fccke der Stufe C \u201e La Principessa \u2013 Die Prinzessin\u201c und das Symphonische Werk \u201eSchloss Orth\u201c. Mit der \u201eSteeephans Polka\u201c wurde der erste Teil abgeschlossen!<\/strong><\/strong><\/strong><\/span><\/span><\/p>\n<p><span style=\"font-size: small;\"><strong>Der<\/strong> <strong>\u00a02te Teil wurde wieder mit einem flotten Marsch eingeleitet bevor es mit modernerer Literatur weiterging, welche beim Publikum besonders gut ankamen. Das St\u00fcck \u201eOldies forever\u201c und das St\u00fcck \u201eBryan Adams\u201c waren ein richtiger Publikumsrenner. Ein schneidiger Schlussmarsch wurde gespielt und als Zugabe gab es noch die Katharinen Polka und den Weibermarsch. Nach tosendem Applaus wurde schlie\u00dflich das Publikum mit dem ruhigen St\u00fcck \u201eHallelujah\u201c von Leonard Cohen verabschiedet. Der Obmann Werner Klotz konnte bei der Begr\u00fc\u00dfung etliche Ehreng\u00e4ste und Blasmusikfreunde begr\u00fc\u00dfen. Z.B. alle Ehrenmitglieder der MK-Huben sowie unsere Altkapellmeister Andreas Gr\u00fcner und Franz-Josef Hausegger. Der Musikschulleiter Klaus Strobl hat sich das Konzert nicht entgehen lassen sowie einige Kapellmeister und Musikkollegen aus den Nachbarkapellen.<\/strong><\/span><\/p>\n<p><span style=\"font-size: small;\"><strong>Nat\u00fcrlich freute es uns, dass unser B\u00fcrgermeister Ralf Schonger mit einigen Gemeinder\u00e4ten anwesend war, aber auch die Vertretung des TVB-\u00d6tztal mit Gesch\u00e4ftsf\u00fchrer Schmid Ewald und Obmann Riml Bernhard konnten wir bei unseren Konzert begr\u00fc\u00dfen. Unser Gemeindeverbandspr\u00e4sident Bgm. Sch\u00f6pf Ernst ist ebenfalls erschienen, sowie die zahlreichen Vertreter unserer Vereine von Huben. Und w\u00e4re die Bev\u00f6lkerung von Huben nicht so zahlreich gekommen, w\u00e4re es f\u00fcr uns nicht so ein sch\u00f6nes Konzert geworden. Gefreut hat uns auch die Anwesenheit der unterst\u00fctzenden Mitglieder sowie unserer Sponsoren.<\/strong><\/span><\/p>\n<p><span style=\"font-size: small;\"><strong>Noch einmal jeden einzelnen ein gro\u00dfer Dank \u2013 die f\u00fcr das gute und sch\u00f6ne gelingen unseres Konzertes beigetragen haben.<\/strong><\/span><\/p>\n<p><span style=\"font-size: small;\"><strong>Euer Obmann<\/strong><\/span><\/p>\n<p><span style=\"font-size: small;\"><strong>Werner Klotz<\/strong><\/span><\/td>\n<\/tr>\n<tr>\n<td><\/td>\n<td><\/td>\n<td><\/td>\n<\/tr>\n<\/tbody>\n<\/table>\n<hr \/>\n<p>&nbsp;<\/p>\n","protected":false},"excerpt":{"rendered":"<p>[singlepic id=686 w=250h=354 float=left] &nbsp; Die MK-Huben hat am 8. Mai ein grandioses Fr\u00fchjahrskonzert im Gemeindesaal L\u00e4ngenfeld aufgef\u00fchrt. Mit einer gro\u00dfartigen Er\u00f6ffnungsfanfare wurde das Konzert eingeleitet, ebenfalls im 1ten Teil spielten wir die beiden Wertungsst\u00fccke der Stufe C \u201e La Principessa \u2013 Die Prinzessin\u201c und das Symphonische Werk \u201eSchloss Orth\u201c. Mit der \u201eSteeephans Polka\u201c wurde der erste Teil abgeschlossen! Der \u00a02te Teil wurde wieder mit einem flotten Marsch eingeleitet bevor es mit modernerer Literatur weiterging, welche beim Publikum besonders gut ankamen. Das St\u00fcck \u201eOldies forever\u201c und das St\u00fcck \u201eBryan Adams\u201c waren ein richtiger Publikumsrenner. Ein schneidiger Schlussmarsch wurde gespielt und als Zugabe gab es noch die Katharinen Polka und den Weibermarsch. Nach tosendem Applaus wurde schlie\u00dflich das Publikum mit dem ruhigen St\u00fcck \u201eHallelujah\u201c von Leonard Cohen verabschiedet. Der Obmann Werner Klotz konnte bei der Begr\u00fc\u00dfung etliche Ehreng\u00e4ste und Blasmusikfreunde begr\u00fc\u00dfen. Z.B. alle Ehrenmitglieder der MK-Huben sowie unsere Altkapellmeister Andreas Gr\u00fcner und Franz-Josef Hausegger. Der Musikschulleiter Klaus Strobl hat sich das Konzert nicht entgehen lassen sowie einige Kapellmeister und Musikkollegen aus den Nachbarkapellen. Nat\u00fcrlich freute es uns, dass unser B\u00fcrgermeister Ralf Schonger mit einigen Gemeinder\u00e4ten anwesend war, aber auch die Vertretung des TVB-\u00d6tztal mit Gesch\u00e4ftsf\u00fchrer Schmid Ewald und Obmann Riml Bernhard konnten wir bei unseren Konzert begr\u00fc\u00dfen. Unser Gemeindeverbandspr\u00e4sident Bgm. Sch\u00f6pf Ernst ist ebenfalls erschienen, sowie die zahlreichen Vertreter unserer Vereine von Huben. Und w\u00e4re die Bev\u00f6lkerung von Huben nicht so zahlreich gekommen, w\u00e4re es f\u00fcr uns nicht so ein sch\u00f6nes Konzert geworden. Gefreut hat uns auch die Anwesenheit der unterst\u00fctzenden Mitglieder sowie unserer Sponsoren. Noch einmal jeden einzelnen ein gro\u00dfer Dank \u2013 die f\u00fcr das gute und sch\u00f6ne gelingen unseres Konzertes beigetragen haben. Euer Obmann Werner Klotz &nbsp;<\/p>\n","protected":false},"author":1,"featured_media":0,"parent":0,"menu_order":0,"comment_status":"closed","ping_status":"open","template":"","meta":{"footnotes":""},"class_list":["post-305","page","type-page","status-publish","hentry"],"_links":{"self":[{"href":"http:\/\/www.musikkapellehuben.at\/mkneu\/wp-json\/wp\/v2\/pages\/305"}],"collection":[{"href":"http:\/\/www.musikkapellehuben.at\/mkneu\/wp-json\/wp\/v2\/pages"}],"about":[{"href":"http:\/\/www.musikkapellehuben.at\/mkneu\/wp-json\/wp\/v2\/types\/page"}],"author":[{"embeddable":true,"href":"http:\/\/www.musikkapellehuben.at\/mkneu\/wp-json\/wp\/v2\/users\/1"}],"replies":[{"embeddable":true,"href":"http:\/\/www.musikkapellehuben.at\/mkneu\/wp-json\/wp\/v2\/comments?post=305"}],"version-history":[{"count":6,"href":"http:\/\/www.musikkapellehuben.at\/mkneu\/wp-json\/wp\/v2\/pages\/305\/revisions"}],"predecessor-version":[{"id":312,"href":"http:\/\/www.musikkapellehuben.at\/mkneu\/wp-json\/wp\/v2\/pages\/305\/revisions\/312"}],"wp:attachment":[{"href":"http:\/\/www.musikkapellehuben.at\/mkneu\/wp-json\/wp\/v2\/media?parent=305"}],"curies":[{"name":"wp","href":"https:\/\/api.w.org\/{rel}","templated":true}]}}