{"id":289,"date":"2014-02-14T08:26:56","date_gmt":"2014-02-14T07:26:56","guid":{"rendered":"http:\/\/www.musikkapellehuben.at\/mkneu\/?page_id=289"},"modified":"2016-01-15T21:40:39","modified_gmt":"2016-01-15T20:40:39","slug":"links","status":"publish","type":"page","link":"http:\/\/www.musikkapellehuben.at\/mkneu\/links\/","title":{"rendered":"Links"},"content":{"rendered":"<h3><strong><a href=\"http:\/\/www.musikkapellehuben.at\/mkneu\/wp-content\/uploads\/2014\/02\/logo_neu.png\" rel=\"attachment wp-att-897\"><img loading=\"lazy\" decoding=\"async\" class=\"size-full wp-image-897 alignright\" src=\"http:\/\/www.musikkapellehuben.at\/mkneu\/wp-content\/uploads\/2014\/02\/logo_neu.png\" alt=\"logo_neu\" width=\"178\" height=\"175\" \/><\/a>Musikkapellen im Bezirk<\/strong><\/h3>\n<p><strong><a href=\"http:\/\/www.mk-laengenfeld.at\/\" target=\"_blank\">Musikkapelle L\u00e4ngenfeld<\/a><\/strong><br \/>\n<strong><a href=\"http:\/\/www.mksoelden.at\/\" target=\"_blank\">Musikkapelle S\u00f6lden<\/a><\/strong><br \/>\n<strong><a href=\"http:\/\/www.mkhaiming.at\/\" target=\"_blank\">Musikkapelle Haiming<\/a><\/strong><br \/>\n<strong><a href=\"http:\/\/www.mk-rietz.at\/\" target=\"_blank\">Musikkapelle Rietz<\/a><\/strong><br \/>\n<strong><a href=\"http:\/\/www.mksilz.at\/\" target=\"_blank\">Musikkapelle Silz<br \/>\n<\/a> <a href=\"http:\/\/www.mk-umhausen.at\/\" target=\"_blank\">Musikkapelle Umhausen<\/a><\/strong><br \/>\n<strong><a href=\"http:\/\/www.members.a1.net\/mkoetz\" target=\"_blank\">Musikkapelle \u00d6tz<\/a><\/strong><br \/>\n<strong><a href=\"http:\/\/www.mk-oetztal-bahnhof.at\/\" target=\"_blank\">Musikkapelle \u00d6tztal-Bahnhof<\/a><\/strong><br \/>\n<strong><a href=\"http:\/\/www.mk-stams.at\/\" target=\"_blank\">Musikkapelle Stams<\/a><\/strong><br \/>\n<strong><a href=\"http:\/\/www.mk-moetz.at\/\" target=\"_blank\">Musikkapelle M\u00f6tz<\/a><\/strong><br \/>\n<strong><a href=\"http:\/\/www.sautens.tirol.gv.at\/system\/web\/gelbeseite.aspx?menuonr=218742968&amp;detailonr=50105931\" target=\"_blank\">Musikkapelle Sautens<\/a><\/strong><\/p>\n<h2><strong>Musikfreunde der Musikkapelle Huben<\/strong><\/h2>\n<p><strong><a href=\"http:\/\/www.blasmusik.at\/\" target=\"_blank\">\u00d6sterreichischer Blasmusikverband <\/a><\/strong><br \/>\n<strong><a href=\"http:\/\/www.blasmusikverband-tirol.at\/\" target=\"_blank\">Tiroler Blasmusikverband <\/a><\/strong><br \/>\n<strong><a href=\"http:\/\/www.blasmusikforum.at\/wbb3\/\" target=\"_blank\">Blasmusikforum.at<\/a><\/strong><strong><a href=\"http:\/\/www.vrolijkevrienden.be\/\" target=\"_blank\">http:\/\/www.vrolijkevrienden.be\/<\/a><\/strong><\/p>\n<h2><strong>Sonstige Links<\/strong><\/h2>\n<p><strong><a href=\"http:\/\/www.laengenfeld.tirol.gv.at\/system\/web\/default.aspx\" target=\"_blank\">Gemeinde L\u00e4ngenfeld<\/a><\/strong><br \/>\n<strong><a href=\"http:\/\/www.oetztal.com\/\" target=\"_blank\">TVB-\u00d6tztal<\/a><\/strong><br \/>\n<strong><a href=\"http:\/\/www.irudia.at\" target=\"_blank\">Irudia.at<\/a><\/strong><\/p>\n","protected":false},"excerpt":{"rendered":"<p>Musikkapellen im Bezirk Musikkapelle L\u00e4ngenfeld Musikkapelle S\u00f6lden Musikkapelle Haiming Musikkapelle Rietz Musikkapelle Silz Musikkapelle Umhausen Musikkapelle \u00d6tz Musikkapelle \u00d6tztal-Bahnhof Musikkapelle Stams Musikkapelle M\u00f6tz Musikkapelle Sautens Musikfreunde der Musikkapelle Huben \u00d6sterreichischer Blasmusikverband Tiroler Blasmusikverband Blasmusikforum.athttp:\/\/www.vrolijkevrienden.be\/ Sonstige Links Gemeinde L\u00e4ngenfeld TVB-\u00d6tztal Irudia.at<\/p>\n","protected":false},"author":1,"featured_media":0,"parent":0,"menu_order":0,"comment_status":"closed","ping_status":"open","template":"","meta":{"footnotes":""},"class_list":["post-289","page","type-page","status-publish","hentry"],"_links":{"self":[{"href":"http:\/\/www.musikkapellehuben.at\/mkneu\/wp-json\/wp\/v2\/pages\/289"}],"collection":[{"href":"http:\/\/www.musikkapellehuben.at\/mkneu\/wp-json\/wp\/v2\/pages"}],"about":[{"href":"http:\/\/www.musikkapellehuben.at\/mkneu\/wp-json\/wp\/v2\/types\/page"}],"author":[{"embeddable":true,"href":"http:\/\/www.musikkapellehuben.at\/mkneu\/wp-json\/wp\/v2\/users\/1"}],"replies":[{"embeddable":true,"href":"http:\/\/www.musikkapellehuben.at\/mkneu\/wp-json\/wp\/v2\/comments?post=289"}],"version-history":[{"count":7,"href":"http:\/\/www.musikkapellehuben.at\/mkneu\/wp-json\/wp\/v2\/pages\/289\/revisions"}],"predecessor-version":[{"id":898,"href":"http:\/\/www.musikkapellehuben.at\/mkneu\/wp-json\/wp\/v2\/pages\/289\/revisions\/898"}],"wp:attachment":[{"href":"http:\/\/www.musikkapellehuben.at\/mkneu\/wp-json\/wp\/v2\/media?parent=289"}],"curies":[{"name":"wp","href":"https:\/\/api.w.org\/{rel}","templated":true}]}}