{"id":2522,"date":"2023-05-26T11:03:45","date_gmt":"2023-05-26T10:03:45","guid":{"rendered":"http:\/\/www.musikkapellehuben.at\/mkneu\/?page_id=2522"},"modified":"2024-12-02T17:00:18","modified_gmt":"2024-12-02T16:00:18","slug":"dhuebar-musikontn","status":"publish","type":"page","link":"http:\/\/www.musikkapellehuben.at\/mkneu\/dhuebar-musikontn\/","title":{"rendered":"HuMus"},"content":{"rendered":"\n\n\n<p style=\"text-align: center;\"><img loading=\"lazy\" decoding=\"async\" class=\"aligncenter size-medium wp-image-2838\" src=\"http:\/\/www.musikkapellehuben.at\/mkneu\/wp-content\/uploads\/2023\/07\/dHuebar-Musikontn-632x474.jpg\" alt=\"\" width=\"632\" height=\"474\" srcset=\"http:\/\/www.musikkapellehuben.at\/mkneu\/wp-content\/uploads\/2023\/07\/dHuebar-Musikontn-632x474.jpg 632w, http:\/\/www.musikkapellehuben.at\/mkneu\/wp-content\/uploads\/2023\/07\/dHuebar-Musikontn-1020x765.jpg 1020w, http:\/\/www.musikkapellehuben.at\/mkneu\/wp-content\/uploads\/2023\/07\/dHuebar-Musikontn-768x576.jpg 768w, http:\/\/www.musikkapellehuben.at\/mkneu\/wp-content\/uploads\/2023\/07\/dHuebar-Musikontn-1140x855.jpg 1140w, http:\/\/www.musikkapellehuben.at\/mkneu\/wp-content\/uploads\/2023\/07\/dHuebar-Musikontn.jpg 1280w\" sizes=\"(max-width: 632px) 100vw, 632px\" \/><\/p>\n<p style=\"text-align: center;\">D\u00b4Huebar Musikontn, eine weitere Formation der Musikkapelle Huben. Die Gruppe besteht aus sechzehn jungen und junggebliebenen Musikanten der Musikkapelle, welche die Liebe zur b\u00f6hmischen Blasmusik verbindet. Gegr\u00fcndet wurde diese Gruppe von unserem Obmann Werner Klotz im Jahre 2020. Anfangs wurde noch in einer Stube geprobt, welche jedoch schnell zu klein wurde. Danach wurde der Keller als Proberaum genutzt.\u00a0<\/p>\n<p style=\"text-align: center;\">Was damals mit wenigen Musikanten begonnen hat, ist nun eine junge und motivierte Gruppe.\u00a0<br \/>Unser Repertoire besteht aus Polkas und M\u00e4rschen. Aber auch Solost\u00fccke finden Platz in unseren Mappen.<\/p>\n<p style=\"text-align: center;\">D&#8217;Huebar Musikontn sind die passende Unterhaltung f\u00fcr Fans der b\u00f6hmischen Blasmusik und spielen gerne bei den verschiedensten Anl\u00e4ssen.<\/p>\n<p style=\"text-align: center;\">\u00a0<\/p>\n<p style=\"text-align: center;\"><strong><u>Kontakt HUEBAR MUSIKONTN:<\/u><\/strong><\/p>\n<p style=\"text-align: center;\"><strong>Jonas Klotz<\/strong><br \/><strong>Tel.: +43 664\/4519273<\/strong><\/p>\n<p style=\"text-align: center;\"><b>Simon Kuen<br \/>Tel.: +43 677\/61937081<\/b><\/p>\n","protected":false},"excerpt":{"rendered":"<p>D\u00b4Huebar Musikontn, eine weitere Formation der Musikkapelle Huben. Die Gruppe besteht aus sechzehn jungen und junggebliebenen Musikanten der Musikkapelle, welche die Liebe zur b\u00f6hmischen Blasmusik verbindet. Gegr\u00fcndet wurde diese Gruppe von unserem Obmann Werner Klotz im Jahre 2020. Anfangs wurde noch in einer Stube geprobt, welche jedoch schnell zu klein wurde. Danach wurde der Keller als Proberaum genutzt.\u00a0 Was damals mit wenigen Musikanten begonnen hat, ist nun eine junge und motivierte Gruppe.\u00a0Unser Repertoire besteht aus Polkas und M\u00e4rschen. Aber auch Solost\u00fccke finden Platz in unseren Mappen. D&#8217;Huebar Musikontn sind die passende Unterhaltung f\u00fcr Fans der b\u00f6hmischen Blasmusik und spielen gerne bei den verschiedensten Anl\u00e4ssen. \u00a0 Kontakt HUEBAR MUSIKONTN: Jonas KlotzTel.: +43 664\/4519273 Simon KuenTel.: +43 677\/61937081<\/p>\n","protected":false},"author":3,"featured_media":0,"parent":0,"menu_order":0,"comment_status":"closed","ping_status":"closed","template":"","meta":{"footnotes":""},"class_list":["post-2522","page","type-page","status-publish","hentry"],"_links":{"self":[{"href":"http:\/\/www.musikkapellehuben.at\/mkneu\/wp-json\/wp\/v2\/pages\/2522"}],"collection":[{"href":"http:\/\/www.musikkapellehuben.at\/mkneu\/wp-json\/wp\/v2\/pages"}],"about":[{"href":"http:\/\/www.musikkapellehuben.at\/mkneu\/wp-json\/wp\/v2\/types\/page"}],"author":[{"embeddable":true,"href":"http:\/\/www.musikkapellehuben.at\/mkneu\/wp-json\/wp\/v2\/users\/3"}],"replies":[{"embeddable":true,"href":"http:\/\/www.musikkapellehuben.at\/mkneu\/wp-json\/wp\/v2\/comments?post=2522"}],"version-history":[{"count":7,"href":"http:\/\/www.musikkapellehuben.at\/mkneu\/wp-json\/wp\/v2\/pages\/2522\/revisions"}],"predecessor-version":[{"id":3782,"href":"http:\/\/www.musikkapellehuben.at\/mkneu\/wp-json\/wp\/v2\/pages\/2522\/revisions\/3782"}],"wp:attachment":[{"href":"http:\/\/www.musikkapellehuben.at\/mkneu\/wp-json\/wp\/v2\/media?parent=2522"}],"curies":[{"name":"wp","href":"https:\/\/api.w.org\/{rel}","templated":true}]}}