{"id":222,"date":"2014-02-12T11:04:56","date_gmt":"2014-02-12T10:04:56","guid":{"rendered":"http:\/\/www.musikkapellehuben.at\/mkneu\/?page_id=222"},"modified":"2025-01-28T20:29:54","modified_gmt":"2025-01-28T19:29:54","slug":"mitglied","status":"publish","type":"page","link":"http:\/\/www.musikkapellehuben.at\/mkneu\/mitglied\/","title":{"rendered":"Passives Mitglied werden"},"content":{"rendered":"<p><a href=\"http:\/\/www.musikkapellehuben.at\/mkneu\/wp-content\/uploads\/2023\/05\/7C6F0421-7A35-4395-B98F-72DEC51108B1.png\"><img loading=\"lazy\" decoding=\"async\" class=\"aligncenter size-medium wp-image-2610\" src=\"http:\/\/www.musikkapellehuben.at\/mkneu\/wp-content\/uploads\/2023\/05\/7C6F0421-7A35-4395-B98F-72DEC51108B1-632x423.png\" alt=\"\" width=\"632\" height=\"423\" srcset=\"http:\/\/www.musikkapellehuben.at\/mkneu\/wp-content\/uploads\/2023\/05\/7C6F0421-7A35-4395-B98F-72DEC51108B1-632x423.png 632w, http:\/\/www.musikkapellehuben.at\/mkneu\/wp-content\/uploads\/2023\/05\/7C6F0421-7A35-4395-B98F-72DEC51108B1-1020x683.png 1020w, http:\/\/www.musikkapellehuben.at\/mkneu\/wp-content\/uploads\/2023\/05\/7C6F0421-7A35-4395-B98F-72DEC51108B1-420x280.png 420w, http:\/\/www.musikkapellehuben.at\/mkneu\/wp-content\/uploads\/2023\/05\/7C6F0421-7A35-4395-B98F-72DEC51108B1-768x514.png 768w, http:\/\/www.musikkapellehuben.at\/mkneu\/wp-content\/uploads\/2023\/05\/7C6F0421-7A35-4395-B98F-72DEC51108B1-1140x763.png 1140w, http:\/\/www.musikkapellehuben.at\/mkneu\/wp-content\/uploads\/2023\/05\/7C6F0421-7A35-4395-B98F-72DEC51108B1.png 1494w\" sizes=\"(max-width: 632px) 100vw, 632px\" \/><\/a><\/p>\n<h2 style=\"padding-left: 30px;\"><strong>Musikkapelle Huben!<\/strong><\/h2>\n<p style=\"padding-left: 30px;\"><strong>Die Musikkapelle Huben erlebte in den letzten Jahren einen betr\u00e4chtlichen Aufw\u00e4rtstrend, was die Anzahl der Musikantinnen und Musikanten, aber auch die musikalische Qualit\u00e4t betrifft.<\/strong><\/p>\n<p style=\"padding-left: 30px;\"><strong>Sehr viele junge Menschen haben den Weg zur Musikkapelle Huben gefunden und bereichern diese.<\/strong><\/p>\n<p style=\"padding-left: 30px;\"><strong>Auch ist die Musikkapelle Huben immer bem\u00fcht, ihre Aufgaben \u2013 seien diese kirchlicher Natur oder im Dienste des Fremdenverkehrs \u2013 zum Wohle der Allgemeinheit bestm\u00f6glich zu erf\u00fcllen.<\/strong><\/p>\n<p style=\"padding-left: 30px;\"><strong>Die Neuanschaffung und Reparatur von Instrumenten und Trachten kostet nat\u00fcrlich sehr viel Geld.<\/strong><\/p>\n<p style=\"padding-left: 30px;\"><strong>Trotz der gro\u00dfz\u00fcgigen F\u00f6rderung der Gemeinde, der Agrargemeinschaften, der Fraktion, unserer Sponsoren und der Bev\u00f6lkerung m\u00fcssen die Finanzen stets gut im Auge behalten werden.<br \/><\/strong><\/p>\n<p style=\"padding-left: 30px;\"><strong>Deshalb versucht die Musikkapelle Huben neben vielen Eigenleistungen, einen Weg zu gehen, der in anderen Orten schon lange selbstverst\u00e4ndlich ist \u2013 n\u00e4mlich die Anwerbung von unterst\u00fctzenden (passiven) Mitgliedern.<\/strong><\/p>\n<p style=\"text-align: center;\"><strong>Werden Sie ein Passives Mitglied der Musikkapelle Huben.<\/strong><\/p>\n<p style=\"text-align: center;\"><strong>Anbei finden sie das Anmeldeformular.<\/strong><\/p>\n<p style=\"text-align: center;\"><strong><span style=\"color: #000000;\"><a style=\"color: #000000;\" href=\"http:\/\/www.musikkapellehuben.at\/mkneu\/wp-content\/uploads\/2025\/01\/MK-Huben-Beitrittserklaerung-passives-Mitglied.pdf\">Anmeldeformular<\/a><\/span><\/strong><\/p>\n<p style=\"text-align: center;\"><strong>Vielen Dank<\/strong><\/p>\n\n","protected":false},"excerpt":{"rendered":"<p>Musikkapelle Huben! Die Musikkapelle Huben erlebte in den letzten Jahren einen betr\u00e4chtlichen Aufw\u00e4rtstrend, was die Anzahl der Musikantinnen und Musikanten, aber auch die musikalische Qualit\u00e4t betrifft. Sehr viele junge Menschen haben den Weg zur Musikkapelle Huben gefunden und bereichern diese. Auch ist die Musikkapelle Huben immer bem\u00fcht, ihre Aufgaben \u2013 seien diese kirchlicher Natur oder im Dienste des Fremdenverkehrs \u2013 zum Wohle der Allgemeinheit bestm\u00f6glich zu erf\u00fcllen. Die Neuanschaffung und Reparatur von Instrumenten und Trachten kostet nat\u00fcrlich sehr viel Geld. Trotz der gro\u00dfz\u00fcgigen F\u00f6rderung der Gemeinde, der Agrargemeinschaften, der Fraktion, unserer Sponsoren und der Bev\u00f6lkerung m\u00fcssen die Finanzen stets gut im Auge behalten werden. Deshalb versucht die Musikkapelle Huben neben vielen Eigenleistungen, einen Weg zu gehen, der in anderen Orten schon lange selbstverst\u00e4ndlich ist \u2013 n\u00e4mlich die Anwerbung von unterst\u00fctzenden (passiven) Mitgliedern. Werden Sie ein Passives Mitglied der Musikkapelle Huben. Anbei finden sie das Anmeldeformular. Anmeldeformular Vielen Dank<\/p>\n","protected":false},"author":1,"featured_media":0,"parent":0,"menu_order":0,"comment_status":"closed","ping_status":"open","template":"","meta":{"footnotes":""},"class_list":["post-222","page","type-page","status-publish","hentry"],"_links":{"self":[{"href":"http:\/\/www.musikkapellehuben.at\/mkneu\/wp-json\/wp\/v2\/pages\/222"}],"collection":[{"href":"http:\/\/www.musikkapellehuben.at\/mkneu\/wp-json\/wp\/v2\/pages"}],"about":[{"href":"http:\/\/www.musikkapellehuben.at\/mkneu\/wp-json\/wp\/v2\/types\/page"}],"author":[{"embeddable":true,"href":"http:\/\/www.musikkapellehuben.at\/mkneu\/wp-json\/wp\/v2\/users\/1"}],"replies":[{"embeddable":true,"href":"http:\/\/www.musikkapellehuben.at\/mkneu\/wp-json\/wp\/v2\/comments?post=222"}],"version-history":[{"count":16,"href":"http:\/\/www.musikkapellehuben.at\/mkneu\/wp-json\/wp\/v2\/pages\/222\/revisions"}],"predecessor-version":[{"id":3879,"href":"http:\/\/www.musikkapellehuben.at\/mkneu\/wp-json\/wp\/v2\/pages\/222\/revisions\/3879"}],"wp:attachment":[{"href":"http:\/\/www.musikkapellehuben.at\/mkneu\/wp-json\/wp\/v2\/media?parent=222"}],"curies":[{"name":"wp","href":"https:\/\/api.w.org\/{rel}","templated":true}]}}