{"id":150,"date":"2014-02-07T20:52:14","date_gmt":"2014-02-07T19:52:14","guid":{"rendered":"http:\/\/www.musikkapellehuben.at\/mkneu\/?page_id=150"},"modified":"2014-02-07T22:15:40","modified_gmt":"2014-02-07T21:15:40","slug":"beitraege-2011","status":"publish","type":"page","link":"http:\/\/www.musikkapellehuben.at\/mkneu\/archiv\/beitraege-2011\/","title":{"rendered":"Beitr\u00e4ge 2011"},"content":{"rendered":"<table border=\"0\">\n<tbody>\n<tr>\n<td><\/td>\n<\/tr>\n<tr>\n<td><\/td>\n<\/tr>\n<tr>\n<td><\/td>\n<\/tr>\n<tr>\n<td><\/td>\n<\/tr>\n<tr>\n<td>\u00a0Beitrag<\/td>\n<\/tr>\n<tr>\n<td><\/td>\n<\/tr>\n<tr>\n<td>\u00a0Beitrag<\/td>\n<\/tr>\n<tr>\n<td><\/td>\n<\/tr>\n<tr>\n<td>\n<hr \/>\n<table style=\"padding-left: 30px; background-color: #dbdbdb;\" border=\"0\">\n<tbody style=\"padding-left: 30px;\">\n<tr style=\"padding-left: 30px;\">\n<td><\/td>\n<td>[singlepic id=51 w=250 h=188 float=left]<\/td>\n<td style=\"padding-left: 30px;\">\n<h2><strong>Fronleichnamsprozession 2011<\/strong><\/h2>\n<p><span style=\"font-size: small;\"><strong>Die Fronleichnamsprozession in Huben konnte bei guten Wetterverh\u00e4ltnissen abgehalten werden.<\/strong> <\/span><\/p>\n<p><span style=\"font-size: small;\"><strong> Stolz wurden die Fahnen und Heiligenfiguren durch das Dorf getragen und durch die Musikkapelle Huben\u00a0festlich begleitet.<\/strong><\/span><\/p>\n<p>[nggalbum id=10 template=extend]<\/td>\n<\/tr>\n<tr>\n<td><\/td>\n<td><\/td>\n<td><\/td>\n<\/tr>\n<\/tbody>\n<\/table>\n<hr \/>\n<p>&nbsp;<\/td>\n<\/tr>\n<tr>\n<td><\/td>\n<\/tr>\n<tr>\n<td>\n<table style=\"background-color: #dbdbdb;\" border=\"0\">\n<tbody>\n<tr>\n<td><\/td>\n<td>[singlepic id=669 w=230 h=220float=left]<\/td>\n<td>\n<h2 style=\"padding-left: 30px;\"><strong>4 neue Goldene Leistungsabzeichen bei der Musikkapelle Huben<\/strong><\/h2>\n<p style=\"padding-left: 30px;\"><span style=\"font-size: small;\"><strong>Pult Nathalie, Fiegl Thomas, Kuprian Rene und Stabentheiner Gabriel haben die Pr\u00fcfung zu Goldenen Leistungsabzeichen erfolgreich Absolviert.<\/strong><\/span><\/p>\n<h2 style=\"padding-left: 30px;\"><strong>Die Musikkapelle Huben ist sehr Stolz auf seine 4 neuen Tr\u00e4ger des Goldenen Leistungsabzeichens.<\/strong><\/h2>\n<p style=\"padding-left: 30px;\">[nggallery id=23]<\/p>\n<\/td>\n<\/tr>\n<tr>\n<td><\/td>\n<td><\/td>\n<td><\/td>\n<\/tr>\n<\/tbody>\n<\/table>\n<\/td>\n<\/tr>\n<tr>\n<td><\/td>\n<\/tr>\n<tr>\n<td>\n<hr \/>\n<table style=\"padding-left: 30px; background-color: #dbdbdb;\" border=\"0\">\n<tbody style=\"padding-left: 30px;\">\n<tr style=\"padding-left: 30px;\">\n<td><\/td>\n<td>[singlepic id=661 w=250 h=188 float=left]<\/td>\n<td style=\"padding-left: 30px;\">\n<h2><strong><span style=\"font-size: small;\">Endlich in Tracht!<\/span><\/strong><\/h2>\n<p><span style=\"font-size: small;\"><strong>Organisiert von Michaela Br\u00fcggler sind unsere Musikantinnen, seid dem Jahr 2011, stolze Besitzerinnen der \u00d6tztaler Tracht. <\/strong><\/span><\/p>\n<p><span style=\"font-size: small;\"><strong>Die gesamten Kosten wurden ausschlie\u00dflich von den Musikantinnen, bzw. deren Eltern \u00fcbernommen. Daf\u00fcr ein herzliches Vergelt\u00b4s Gott!!!<\/strong><\/span><\/p>\n<p><span style=\"font-size: small;\"><strong>Ein gro\u00dfes Dankesch\u00f6n auch an Herlinde Sch\u00f6pf f\u00fcr die Durchf\u00fchrung des N\u00e4hkurses und an die vielen flei\u00dfigen N\u00e4herinnen, <\/strong><strong>die so tatkr\u00e4ftig mitgearbeitet haben.<\/strong><\/span><\/p>\n<p><span style=\"font-size: small;\"><strong><em>[nggallery id=21]\u00a0<\/em><\/strong><\/span><\/td>\n<\/tr>\n<tr>\n<td><\/td>\n<td><\/td>\n<td><\/td>\n<\/tr>\n<\/tbody>\n<\/table>\n<hr \/>\n<p>&nbsp;<\/td>\n<\/tr>\n<tr>\n<td>\n<hr \/>\n<table style=\"padding-left: 30px; background-color: #dbdbdb;\" border=\"0\">\n<tbody style=\"padding-left: 30px;\">\n<tr style=\"padding-left: 30px;\">\n<td><\/td>\n<td><strong><span style=\"font-size: small;\">[singlepic id=16 w=250 h=188 float=left]<\/span><\/strong><\/td>\n<td style=\"padding-left: 30px;\">\n<h2><strong>Tirolerball in Wien 2011<\/strong><\/h2>\n<p><strong><\/strong><strong><strong><\/strong><span style=\"font-size: small;\">Im J\u00e4nner 2011 war es wieder so weit. Der Tirolerball in Wien stand dieses Jahr unter der Schirmherrschaft des \u00d6tztal\u00b4s.<\/span><\/strong><\/p>\n<p><strong><span style=\"font-size: small;\">Das \u00d6tztal wartete deshalb mit den Musikkapellen Huben und L\u00e4ngenfeld auf, sowie mit den Sch\u00fctzen und Ch\u00f6ren des \u00d6tztal\u00b4s.<\/span><\/strong><\/p>\n<p><strong><span style=\"font-size: small;\">Der Absolute H\u00f6hepunkt war die Messe im Stephansdom in Wien wo die Musikkapelle Huben und L\u00e4ngenfeld die Musikkalische Umrahmung stellten.<\/span><\/strong><\/p>\n<p><strong><span style=\"font-size: small;\">Der Tirolerball war ein unvergessliches Ereigniss f\u00fcr alle teilhabenden Vereinen sowie f\u00fcr die rund 800 \u00d6tztaler\/-innen die extra zu diesem Ereigniss nach Wien gereist waren.<\/span><\/strong><\/p>\n<p><span style=\"font-size: small;\"><strong>\u00a0<\/strong><span style=\"font-size: small;\"><strong>[nggalbum id=1 template=extend]<\/strong><\/span><\/span><\/td>\n<\/tr>\n<tr>\n<td><\/td>\n<td><\/td>\n<td><\/td>\n<\/tr>\n<\/tbody>\n<\/table>\n<hr \/>\n<p>&nbsp;<\/td>\n<\/tr>\n<\/tbody>\n<\/table>\n","protected":false},"excerpt":{"rendered":"<p>\u00a0Beitrag \u00a0Beitrag [singlepic id=51 w=250 h=188 float=left] Fronleichnamsprozession 2011 Die Fronleichnamsprozession in Huben konnte bei guten Wetterverh\u00e4ltnissen abgehalten werden. Stolz wurden die Fahnen und Heiligenfiguren durch das Dorf getragen und durch die Musikkapelle Huben\u00a0festlich begleitet. [nggalbum id=10 template=extend] &nbsp; [singlepic id=669 w=230 h=220float=left] 4 neue Goldene Leistungsabzeichen bei der Musikkapelle Huben Pult Nathalie, Fiegl Thomas, Kuprian Rene und Stabentheiner Gabriel haben die Pr\u00fcfung zu Goldenen Leistungsabzeichen erfolgreich Absolviert. Die Musikkapelle Huben ist sehr Stolz auf seine 4 neuen Tr\u00e4ger des Goldenen Leistungsabzeichens. [nggallery id=23] [singlepic id=661 w=250 h=188 float=left] Endlich in Tracht! Organisiert von Michaela Br\u00fcggler sind unsere Musikantinnen, seid dem Jahr 2011, stolze Besitzerinnen der \u00d6tztaler Tracht. Die gesamten Kosten wurden ausschlie\u00dflich von den Musikantinnen, bzw. deren Eltern \u00fcbernommen. Daf\u00fcr ein herzliches Vergelt\u00b4s Gott!!! Ein gro\u00dfes Dankesch\u00f6n auch an Herlinde Sch\u00f6pf f\u00fcr die Durchf\u00fchrung des N\u00e4hkurses und an die vielen flei\u00dfigen N\u00e4herinnen, die so tatkr\u00e4ftig mitgearbeitet haben. [nggallery id=21]\u00a0 &nbsp; [singlepic id=16 w=250 h=188 float=left] Tirolerball in Wien 2011 Im J\u00e4nner 2011 war es wieder so weit. Der Tirolerball in Wien stand dieses Jahr unter der Schirmherrschaft des \u00d6tztal\u00b4s. Das \u00d6tztal wartete deshalb mit den Musikkapellen Huben und L\u00e4ngenfeld auf, sowie mit den Sch\u00fctzen und Ch\u00f6ren des \u00d6tztal\u00b4s. Der Absolute H\u00f6hepunkt war die Messe im Stephansdom in Wien wo die Musikkapelle Huben und L\u00e4ngenfeld die Musikkalische Umrahmung stellten. Der Tirolerball war ein unvergessliches Ereigniss f\u00fcr alle teilhabenden Vereinen sowie f\u00fcr die rund 800 \u00d6tztaler\/-innen die extra zu diesem Ereigniss nach Wien gereist waren. \u00a0[nggalbum id=1 template=extend] &nbsp;<\/p>\n","protected":false},"author":1,"featured_media":0,"parent":126,"menu_order":0,"comment_status":"closed","ping_status":"open","template":"","meta":{"footnotes":""},"class_list":["post-150","page","type-page","status-publish","hentry"],"_links":{"self":[{"href":"http:\/\/www.musikkapellehuben.at\/mkneu\/wp-json\/wp\/v2\/pages\/150"}],"collection":[{"href":"http:\/\/www.musikkapellehuben.at\/mkneu\/wp-json\/wp\/v2\/pages"}],"about":[{"href":"http:\/\/www.musikkapellehuben.at\/mkneu\/wp-json\/wp\/v2\/types\/page"}],"author":[{"embeddable":true,"href":"http:\/\/www.musikkapellehuben.at\/mkneu\/wp-json\/wp\/v2\/users\/1"}],"replies":[{"embeddable":true,"href":"http:\/\/www.musikkapellehuben.at\/mkneu\/wp-json\/wp\/v2\/comments?post=150"}],"version-history":[{"count":29,"href":"http:\/\/www.musikkapellehuben.at\/mkneu\/wp-json\/wp\/v2\/pages\/150\/revisions"}],"predecessor-version":[{"id":201,"href":"http:\/\/www.musikkapellehuben.at\/mkneu\/wp-json\/wp\/v2\/pages\/150\/revisions\/201"}],"up":[{"embeddable":true,"href":"http:\/\/www.musikkapellehuben.at\/mkneu\/wp-json\/wp\/v2\/pages\/126"}],"wp:attachment":[{"href":"http:\/\/www.musikkapellehuben.at\/mkneu\/wp-json\/wp\/v2\/media?parent=150"}],"curies":[{"name":"wp","href":"https:\/\/api.w.org\/{rel}","templated":true}]}}